{"id":108269,"date":"2026-03-15T09:00:03","date_gmt":"2026-03-15T09:00:03","guid":{"rendered":"https:\/\/anunciosgratuitos.net\/?product=babylon-berlin-staffel-4-dvd"},"modified":"2026-03-15T09:00:23","modified_gmt":"2026-03-15T09:00:23","slug":"babylon-berlin-staffel-4-dvd","status":"publish","type":"product","link":"https:\/\/anunciosgratuitos.net\/?product=babylon-berlin-staffel-4-dvd","title":{"rendered":"Babylon Berlin &#8211; Staffel 4 [DVD]"},"content":{"rendered":"<p><!-- Ads --><br \/>\n<\/p>\n<p><!-- Product Details Section --><br \/>\n    <span>Silvesternacht 1930: In den Kneipen wird getrunken und getanzt. Das Leben soll sein, wie es das Lied der Stunde feiert: Ein Tag wie Gold! Fabrikant Nyssen st\u00f6\u00dft mit Gr\u00f6\u00dfen aus Politik und Reichswehr an \u2013 er hat den Traum von der Eroberung des Mondes. W\u00e4hrend die Unterwelt in einen blutigen Krieg um die Vorherrschaft der Stadt zieht, entscheidet sich die Zukunft der Weimarer Republik auf den Stra\u00dfen, in den Parteizentralen und auch in den Redaktionsstuben der faschistischen Presse. Immer brutaler demonstrieren die Schl\u00e4gertrupps der SA ihren Willen zur Macht und sagen auch der SS den Kampf an. Gereon Rath steht zwischen allen Fronten und verliert das Vertrauen seiner wichtigsten Verb\u00fcndeten Charlotte Ritter. Die kommt an der Seite ihrer Schwester Toni den Machenschaften der &#8220;Wei\u00dfen Hand&#8221;, einer geheimen Selbstjustiz-Organisation, auf die Spur. Die inoffizielle Ermittlung wird beider Leben ver\u00e4ndern &#8230; <br \/>&#8211; Vielfach ausgezeichnet: Deutscher Fernsehpreis, Grimme-Preis, Bayerischer Fernsehpreis, etc. <br \/>Pressezitate: <br \/>&#8211; &#8220;Die teuerste und sch\u00f6nste Serie der deutschen Fernsehgeschichte.&#8221; &#8211; (sueddeutsche.de) <br \/>&#8211; &#8220;Fernsehkunst mit brandaktueller Botschaft&#8221; &#8211; (Spiegel Online) <br \/>&#8211; &#8220;Eine Mischung aus Sittengem\u00e4lde und Liebeserkl\u00e4rung an das Berlin der wilden 20er-Jahre&#8221; &#8211; (deutschlandfunkkultur.de)<\/span>    <br \/> Aspect Ratio                                            \u200f                                            :                                            \u200e                                            16:9 &#8211; 1.77:1, 16:9 &#8211; 1.78:1   <br \/> Rated                                            \u200f                                            :                                            \u200e                                            Ages 12 and over   <br \/> Product Dimensions                                            \u200f                                            :                                            \u200e                                            13.7 x 1.7 x 19.3 cm; 130 g   <br \/> Director                                            \u200f                                            :                                            \u200e                                            Handloegten, Hendrik, Twyker, Tom, von Borries, Achim   <br \/> Media Format                                            \u200f                                            :                                            \u200e                                            PAL   <br \/> Run time                                            \u200f                                            :                                            \u200e                                            9 hours and 45 minutes   <br \/> Release date                                            \u200f                                            :                                            \u200e                                            1 Oct. 2023   <br \/> Actors                                            \u200f                                            :                                            \u200e                                            Bruch, Volker, Fries, Liv Lisa, Ivanier, Mark, Kukulies, Ronald, Maticevic, Misel   <br \/> Language                                            \u200f                                            :                                            \u200e                                            German (Dolby Digital 5.1)   <br \/> Studio                                            \u200f                                            :                                            \u200e                                            LEONINE   <br \/> ASIN                                            \u200f                                            :                                            \u200e                                            B0C8RWZS5P   <br \/> Country of origin                                            \u200f                                            :                                            \u200e                                            Germany   <br \/> Number of discs                                            \u200f                                            :                                            \u200e                                            4   <br \/>       Best Sellers Rank:  15,106 in Movies &#038; TV (See Top 100 in Movies &#038; TV)    680 in TV   4,327 in Drama (Movies &#038; TV)   6,229 in DVD      <br \/>  Customer reviews:                                                                                            4.7               4.7 out of 5 stars                                  (292)                                              var dpAcrHasRegisteredArcLinkClickAction;                    P.when(&#8216;A&#8217;, &#8216;ready&#8217;).execute(function(A) {                        if (dpAcrHasRegisteredArcLinkClickAction !== true) {                            dpAcrHasRegisteredArcLinkClickAction = true;                            A.declarative(                                &#8216;acrLink-click-metrics&#8217;, &#8216;click&#8217;,                                { &#8220;allowLinkDefault&#8221;: true },                                function (event) {                                    if (window.ue) {                                        ue.count(&#8220;acrLinkClickCount&#8221;, (ue.count(&#8220;acrLinkClickCount&#8221;) || 0) + 1);                                    }                                }                            );                        }                    });                                             P.when(&#8216;A&#8217;, &#8216;cf&#8217;).execute(function(A) {                A.declarative(&#8216;acrStarsLink-click-metrics&#8217;, &#8216;click&#8217;, { &#8220;allowLinkDefault&#8221; : true },  function(event){                    if(window.ue) {                        ue.count(&#8220;acrStarsLinkWithPopoverClickCount&#8221;, (ue.count(&#8220;acrStarsLinkWithPopoverClickCount&#8221;) || 0) + 1);                    }                });            });                          <\/p>\n<p><!-- Product Review Section Removed --><br \/>\n<!-- Price & Buy Now Section Removed --><\/p>\n\n","protected":false},"excerpt":{"rendered":"<p>Silvesternacht 1930: In den Kneipen wird getrunken und getanzt. Das Leben soll sein, wie es das Lied der Stunde feiert: Ein Tag wie Gold! Fabrikant Nyssen st\u00f6\u00dft mit Gr\u00f6\u00dfen aus Politik und Reichswehr an \u2013 er hat den Traum von der Eroberung des Mondes. W\u00e4hrend die Unterwelt in einen blutigen Krieg um die Vorherrschaft der [&hellip;]<\/p>\n","protected":false},"featured_media":108270,"comment_status":"open","ping_status":"closed","template":"","meta":{"_gspb_post_css":""},"store":[],"product_brand":[],"product_cat":[425,1911,167],"product_tag":[],"class_list":{"0":"post-108269","1":"product","2":"type-product","3":"status-publish","4":"has-post-thumbnail","6":"product_cat-movies-tv","7":"product_cat-tv","8":"product_cat-baby-products","10":"first","11":"instock","12":"shipping-taxable","13":"product-type-external"},"yoast_head":"<!-- This site is optimized with the Yoast SEO Premium plugin v26.2 (Yoast SEO v26.3) - https:\/\/yoast.com\/wordpress\/plugins\/seo\/ -->\n<title>Babylon Berlin - Staffel 4 [DVD] - anunciosgratuitos<\/title>\n<meta name=\"robots\" content=\"index, follow, max-snippet:-1, max-image-preview:large, max-video-preview:-1\" \/>\n<link rel=\"canonical\" href=\"https:\/\/anunciosgratuitos.net\/?product=babylon-berlin-staffel-4-dvd\" \/>\n<meta property=\"og:locale\" content=\"en_US\" \/>\n<meta property=\"og:type\" content=\"article\" \/>\n<meta property=\"og:title\" content=\"Babylon Berlin - Staffel 4 [DVD]\" \/>\n<meta property=\"og:description\" content=\"Silvesternacht 1930: In den Kneipen wird getrunken und getanzt. Das Leben soll sein, wie es das Lied der Stunde feiert: Ein Tag wie Gold! Fabrikant Nyssen st\u00f6\u00dft mit Gr\u00f6\u00dfen aus Politik und Reichswehr an \u2013 er hat den Traum von der Eroberung des Mondes. W\u00e4hrend die Unterwelt in einen blutigen Krieg um die Vorherrschaft der [&hellip;]\" \/>\n<meta property=\"og:url\" content=\"https:\/\/anunciosgratuitos.net\/?product=babylon-berlin-staffel-4-dvd\" \/>\n<meta property=\"og:site_name\" content=\"anunciosgratuitos\" \/>\n<meta property=\"article:modified_time\" content=\"2026-03-15T09:00:23+00:00\" \/>\n<meta name=\"twitter:card\" content=\"summary_large_image\" \/>\n<meta name=\"twitter:label1\" content=\"Est. reading time\" \/>\n\t<meta name=\"twitter:data1\" content=\"2 minutes\" \/>\n<script type=\"application\/ld+json\" class=\"yoast-schema-graph\">{\"@context\":\"https:\/\/schema.org\",\"@graph\":[{\"@type\":\"WebPage\",\"@id\":\"https:\/\/anunciosgratuitos.net\/?product=babylon-berlin-staffel-4-dvd\",\"url\":\"https:\/\/anunciosgratuitos.net\/?product=babylon-berlin-staffel-4-dvd\",\"name\":\"Babylon Berlin - Staffel 4 [DVD] - anunciosgratuitos\",\"isPartOf\":{\"@id\":\"https:\/\/anunciosgratuitos.net\/#website\"},\"primaryImageOfPage\":{\"@id\":\"https:\/\/anunciosgratuitos.net\/?product=babylon-berlin-staffel-4-dvd#primaryimage\"},\"image\":{\"@id\":\"https:\/\/anunciosgratuitos.net\/?product=babylon-berlin-staffel-4-dvd#primaryimage\"},\"thumbnailUrl\":\"https:\/\/anunciosgratuitos.net\/wp-content\/uploads\/2026\/03\/81eB1I0Cm1L._SL1500_.jpg\",\"datePublished\":\"2026-03-15T09:00:03+00:00\",\"dateModified\":\"2026-03-15T09:00:23+00:00\",\"breadcrumb\":{\"@id\":\"https:\/\/anunciosgratuitos.net\/?product=babylon-berlin-staffel-4-dvd#breadcrumb\"},\"inLanguage\":\"en-US\",\"potentialAction\":[{\"@type\":\"ReadAction\",\"target\":[\"https:\/\/anunciosgratuitos.net\/?product=babylon-berlin-staffel-4-dvd\"]}]},{\"@type\":\"ImageObject\",\"inLanguage\":\"en-US\",\"@id\":\"https:\/\/anunciosgratuitos.net\/?product=babylon-berlin-staffel-4-dvd#primaryimage\",\"url\":\"https:\/\/anunciosgratuitos.net\/wp-content\/uploads\/2026\/03\/81eB1I0Cm1L._SL1500_.jpg\",\"contentUrl\":\"https:\/\/anunciosgratuitos.net\/wp-content\/uploads\/2026\/03\/81eB1I0Cm1L._SL1500_.jpg\",\"width\":1062,\"height\":1500},{\"@type\":\"BreadcrumbList\",\"@id\":\"https:\/\/anunciosgratuitos.net\/?product=babylon-berlin-staffel-4-dvd#breadcrumb\",\"itemListElement\":[{\"@type\":\"ListItem\",\"position\":1,\"name\":\"Home\",\"item\":\"https:\/\/anunciosgratuitos.net\/\"},{\"@type\":\"ListItem\",\"position\":2,\"name\":\"Shop\",\"item\":\"https:\/\/anunciosgratuitos.net\/?page_id=14\"},{\"@type\":\"ListItem\",\"position\":3,\"name\":\"Babylon Berlin &#8211; Staffel 4 [DVD]\"}]},{\"@type\":\"WebSite\",\"@id\":\"https:\/\/anunciosgratuitos.net\/#website\",\"url\":\"https:\/\/anunciosgratuitos.net\/\",\"name\":\"anunciosgratuitos\",\"description\":\"\",\"publisher\":{\"@id\":\"https:\/\/anunciosgratuitos.net\/#organization\"},\"potentialAction\":[{\"@type\":\"SearchAction\",\"target\":{\"@type\":\"EntryPoint\",\"urlTemplate\":\"https:\/\/anunciosgratuitos.net\/?s={search_term_string}\"},\"query-input\":{\"@type\":\"PropertyValueSpecification\",\"valueRequired\":true,\"valueName\":\"search_term_string\"}}],\"inLanguage\":\"en-US\"},{\"@type\":\"Organization\",\"@id\":\"https:\/\/anunciosgratuitos.net\/#organization\",\"name\":\"anunciosgratuitos\",\"url\":\"https:\/\/anunciosgratuitos.net\/\",\"logo\":{\"@type\":\"ImageObject\",\"inLanguage\":\"en-US\",\"@id\":\"https:\/\/anunciosgratuitos.net\/#\/schema\/logo\/image\/\",\"url\":\"https:\/\/anunciosgratuitos.net\/wp-content\/uploads\/2025\/11\/fff.png\",\"contentUrl\":\"https:\/\/anunciosgratuitos.net\/wp-content\/uploads\/2025\/11\/fff.png\",\"width\":438,\"height\":45,\"caption\":\"anunciosgratuitos\"},\"image\":{\"@id\":\"https:\/\/anunciosgratuitos.net\/#\/schema\/logo\/image\/\"}}]}<\/script>\n<!-- \/ Yoast SEO Premium plugin. -->","yoast_head_json":{"title":"Babylon Berlin - Staffel 4 [DVD] - anunciosgratuitos","robots":{"index":"index","follow":"follow","max-snippet":"max-snippet:-1","max-image-preview":"max-image-preview:large","max-video-preview":"max-video-preview:-1"},"canonical":"https:\/\/anunciosgratuitos.net\/?product=babylon-berlin-staffel-4-dvd","og_locale":"en_US","og_type":"article","og_title":"Babylon Berlin - Staffel 4 [DVD]","og_description":"Silvesternacht 1930: In den Kneipen wird getrunken und getanzt. Das Leben soll sein, wie es das Lied der Stunde feiert: Ein Tag wie Gold! Fabrikant Nyssen st\u00f6\u00dft mit Gr\u00f6\u00dfen aus Politik und Reichswehr an \u2013 er hat den Traum von der Eroberung des Mondes. W\u00e4hrend die Unterwelt in einen blutigen Krieg um die Vorherrschaft der [&hellip;]","og_url":"https:\/\/anunciosgratuitos.net\/?product=babylon-berlin-staffel-4-dvd","og_site_name":"anunciosgratuitos","article_modified_time":"2026-03-15T09:00:23+00:00","twitter_card":"summary_large_image","twitter_misc":{"Est. reading time":"2 minutes"},"schema":{"@context":"https:\/\/schema.org","@graph":[{"@type":"WebPage","@id":"https:\/\/anunciosgratuitos.net\/?product=babylon-berlin-staffel-4-dvd","url":"https:\/\/anunciosgratuitos.net\/?product=babylon-berlin-staffel-4-dvd","name":"Babylon Berlin - Staffel 4 [DVD] - anunciosgratuitos","isPartOf":{"@id":"https:\/\/anunciosgratuitos.net\/#website"},"primaryImageOfPage":{"@id":"https:\/\/anunciosgratuitos.net\/?product=babylon-berlin-staffel-4-dvd#primaryimage"},"image":{"@id":"https:\/\/anunciosgratuitos.net\/?product=babylon-berlin-staffel-4-dvd#primaryimage"},"thumbnailUrl":"https:\/\/anunciosgratuitos.net\/wp-content\/uploads\/2026\/03\/81eB1I0Cm1L._SL1500_.jpg","datePublished":"2026-03-15T09:00:03+00:00","dateModified":"2026-03-15T09:00:23+00:00","breadcrumb":{"@id":"https:\/\/anunciosgratuitos.net\/?product=babylon-berlin-staffel-4-dvd#breadcrumb"},"inLanguage":"en-US","potentialAction":[{"@type":"ReadAction","target":["https:\/\/anunciosgratuitos.net\/?product=babylon-berlin-staffel-4-dvd"]}]},{"@type":"ImageObject","inLanguage":"en-US","@id":"https:\/\/anunciosgratuitos.net\/?product=babylon-berlin-staffel-4-dvd#primaryimage","url":"https:\/\/anunciosgratuitos.net\/wp-content\/uploads\/2026\/03\/81eB1I0Cm1L._SL1500_.jpg","contentUrl":"https:\/\/anunciosgratuitos.net\/wp-content\/uploads\/2026\/03\/81eB1I0Cm1L._SL1500_.jpg","width":1062,"height":1500},{"@type":"BreadcrumbList","@id":"https:\/\/anunciosgratuitos.net\/?product=babylon-berlin-staffel-4-dvd#breadcrumb","itemListElement":[{"@type":"ListItem","position":1,"name":"Home","item":"https:\/\/anunciosgratuitos.net\/"},{"@type":"ListItem","position":2,"name":"Shop","item":"https:\/\/anunciosgratuitos.net\/?page_id=14"},{"@type":"ListItem","position":3,"name":"Babylon Berlin &#8211; Staffel 4 [DVD]"}]},{"@type":"WebSite","@id":"https:\/\/anunciosgratuitos.net\/#website","url":"https:\/\/anunciosgratuitos.net\/","name":"anunciosgratuitos","description":"","publisher":{"@id":"https:\/\/anunciosgratuitos.net\/#organization"},"potentialAction":[{"@type":"SearchAction","target":{"@type":"EntryPoint","urlTemplate":"https:\/\/anunciosgratuitos.net\/?s={search_term_string}"},"query-input":{"@type":"PropertyValueSpecification","valueRequired":true,"valueName":"search_term_string"}}],"inLanguage":"en-US"},{"@type":"Organization","@id":"https:\/\/anunciosgratuitos.net\/#organization","name":"anunciosgratuitos","url":"https:\/\/anunciosgratuitos.net\/","logo":{"@type":"ImageObject","inLanguage":"en-US","@id":"https:\/\/anunciosgratuitos.net\/#\/schema\/logo\/image\/","url":"https:\/\/anunciosgratuitos.net\/wp-content\/uploads\/2025\/11\/fff.png","contentUrl":"https:\/\/anunciosgratuitos.net\/wp-content\/uploads\/2025\/11\/fff.png","width":438,"height":45,"caption":"anunciosgratuitos"},"image":{"@id":"https:\/\/anunciosgratuitos.net\/#\/schema\/logo\/image\/"}}]}},"_links":{"self":[{"href":"https:\/\/anunciosgratuitos.net\/index.php?rest_route=\/wp\/v2\/product\/108269","targetHints":{"allow":["GET"]}}],"collection":[{"href":"https:\/\/anunciosgratuitos.net\/index.php?rest_route=\/wp\/v2\/product"}],"about":[{"href":"https:\/\/anunciosgratuitos.net\/index.php?rest_route=\/wp\/v2\/types\/product"}],"replies":[{"embeddable":true,"href":"https:\/\/anunciosgratuitos.net\/index.php?rest_route=%2Fwp%2Fv2%2Fcomments&post=108269"}],"wp:featuredmedia":[{"embeddable":true,"href":"https:\/\/anunciosgratuitos.net\/index.php?rest_route=\/wp\/v2\/media\/108270"}],"wp:attachment":[{"href":"https:\/\/anunciosgratuitos.net\/index.php?rest_route=%2Fwp%2Fv2%2Fmedia&parent=108269"}],"wp:term":[{"taxonomy":"store","embeddable":true,"href":"https:\/\/anunciosgratuitos.net\/index.php?rest_route=%2Fwp%2Fv2%2Fstore&post=108269"},{"taxonomy":"product_brand","embeddable":true,"href":"https:\/\/anunciosgratuitos.net\/index.php?rest_route=%2Fwp%2Fv2%2Fproduct_brand&post=108269"},{"taxonomy":"product_cat","embeddable":true,"href":"https:\/\/anunciosgratuitos.net\/index.php?rest_route=%2Fwp%2Fv2%2Fproduct_cat&post=108269"},{"taxonomy":"product_tag","embeddable":true,"href":"https:\/\/anunciosgratuitos.net\/index.php?rest_route=%2Fwp%2Fv2%2Fproduct_tag&post=108269"}],"curies":[{"name":"wp","href":"https:\/\/api.w.org\/{rel}","templated":true}]}}