{"id":113808,"date":"2026-03-19T11:08:04","date_gmt":"2026-03-19T11:08:04","guid":{"rendered":"https:\/\/anunciosgratuitos.net\/?product=babylon-berlin-collection-staffel-1-4-blu-ray"},"modified":"2026-03-19T11:08:45","modified_gmt":"2026-03-19T11:08:45","slug":"babylon-berlin-collection-staffel-1-4-blu-ray","status":"publish","type":"product","link":"https:\/\/anunciosgratuitos.net\/?product=babylon-berlin-collection-staffel-1-4-blu-ray","title":{"rendered":"Babylon Berlin &#8211; Collection Staffel 1 &#8211; 4 [Blu-ray]"},"content":{"rendered":"<p><!-- Ads --><br \/>\n<\/p>\n<p><!-- Product Details Section --><br \/>\n    <span>Gereon Rath, ein junger Kommissar aus K\u00f6ln, wird nach Berlin versetzt, um den Kriminalfall eines von der Berliner Mafia gef\u00fchrten Pornorings zu l\u00f6sen. Was auf den ersten Blick eine simple Erpressung zu sein scheint, entpuppt sich bald als Skandal, der Raths Leben und das seiner engsten Vertrauten f\u00fcr immer ver\u00e4ndern wird. Zusammen mit der Stenotypistin Charlotte Ritter und seinem Partner Bruno Wolter sieht sich Rath mit einem Dschungel aus Korruption sowie Drogen und Waffenhandel konfrontiert, der ihn in einen existenziellen Konflikt zwischen Loyalit\u00e4t und Wahrhehrhet itsfindung staff \u00fcrzt. Denn wer ist in dieser Geschichte Freund und wer Feind? <br \/>Die dritte Staffel beginnt kurz vor dem vernichtenden B\u00f6rsencrash von 1929. Diesmal ermittelt Gereon Rath im Fall der Schauspielerin Betty Winter, die bei Dreharbeiten im Filmstudio Babelsberg ums Leben gekommen ist. Handelt is sich um einen Unfall oder Mord? Zudem ist der Fall Benda f\u00fcr Rath und Charlotte noch nicht abgeschlossen: Greta steht f\u00fcr das Attentat auf den Regierungsrat vor Gericht. <br \/>Die vierte Staffel wirft einen neuen Blick auf das Pulverfass Berlin. Der Amerikaner Abraham Goldstein ist zur\u00fcckgekehrt, um ein gestohlenes Juwel seines Vaters zu finden. Eher nebenbei entfacht Goldstein einen Bandenkrieg, in dessen Verlauf sich das Gef\u00fcge der Unterwelt von Grunde auf \u00e4ndert. Und Kommissar Rath ahnt nicht, dass der Pakt mit dem Teufel den Kampf gegen seine inneren D\u00e4monen neu entfacht. Die Reise in die Nacht hat gerade erst begonnen. <br \/>&#8211; Vielfach ausgezeichnet: Deutscher Fernsehpreis, Grimme-Preis, Bayerischer Fernsehpreis, etc. <br \/>Pressezitate: <br \/>&#8211; &#8220;Die teuerste und sch\u00f6nste Serie der deutschen Fernsehgeschichte.&#8221; &#8211; (sueddeutsche.de) <br \/>&#8211; &#8220;Fernsehkunst mit brandaktueller Botschaft&#8221; &#8211; (Spiegel Online) <br \/>&#8211; &#8220;Eine Mischung aus Sittengem\u00e4lde und Liebeserkl\u00e4rung an das Berlin der wilden 20er-Jahre&#8221; &#8211; (deutschlandfunkkultur.de) <br \/>Bonusmaterial: <br \/>Making Of (St. 2) (ca. 44 Min.) Wendecover; Deutsche H\u00f6rfilmfassung und Deutsch Untertitel f\u00fcr H\u00f6rgesch\u00e4digte nur Staffel 3 + 4);<\/span>    <br \/> Aspect Ratio                                            \u200f                                            :                                            \u200e                                            16:9 &#8211; 1.77:1, 16:9 &#8211; 1.78:1   <br \/> Product Dimensions                                            \u200f                                            :                                            \u200e                                            13.7 x 2.7 x 17.2 cm; 272 g   <br \/> Manufacturer reference                                            \u200f                                            :                                            \u200e                                            4061229084390   <br \/> Director                                            \u200f                                            :                                            \u200e                                            Handloegten, Hendrik, Twyker, Tom, von Borries, Achim   <br \/> Media Format                                            \u200f                                            :                                            \u200e                                            Blu-ray, PAL   <br \/> Run time                                            \u200f                                            :                                            \u200e                                            31 hours and 35 minutes   <br \/> Release date                                            \u200f                                            :                                            \u200e                                            1 Oct. 2023   <br \/> Actors                                            \u200f                                            :                                            \u200e                                            Benesch, Leonie, Brandt, Matthias, Bruch, Volker, Fries, Liv Lisa, Kurth, Peter   <br \/> Subtitles:                                            \u200f                                            :                                            \u200e                                            German   <br \/> Language                                            \u200f                                            :                                            \u200e                                            German (DTS 5.1)   <br \/> Studio                                            \u200f                                            :                                            \u200e                                            LEONINE   <br \/> ASIN                                            \u200f                                            :                                            \u200e                                            B0CB3FMW54   <br \/> Country of origin                                            \u200f                                            :                                            \u200e                                            Germany   <br \/> Number of discs                                            \u200f                                            :                                            \u200e                                            10   <br \/>       Best Sellers Rank:  19,075 in Movies &#038; TV (See Top 100 in Movies &#038; TV)    843 in TV   1,177 in Crime, Black and Thriller   5,519 in Drama (Movies &#038; TV)      <br \/>  Customer reviews:                                                                                            4.6               4.6 out of 5 stars                                  (195)                                              var dpAcrHasRegisteredArcLinkClickAction;                    P.when(&#8216;A&#8217;, &#8216;ready&#8217;).execute(function(A) {                        if (dpAcrHasRegisteredArcLinkClickAction !== true) {                            dpAcrHasRegisteredArcLinkClickAction = true;                            A.declarative(                                &#8216;acrLink-click-metrics&#8217;, &#8216;click&#8217;,                                { &#8220;allowLinkDefault&#8221;: true },                                function (event) {                                    if (window.ue) {                                        ue.count(&#8220;acrLinkClickCount&#8221;, (ue.count(&#8220;acrLinkClickCount&#8221;) || 0) + 1);                                    }                                }                            );                        }                    });                                             P.when(&#8216;A&#8217;, &#8216;cf&#8217;).execute(function(A) {                A.declarative(&#8216;acrStarsLink-click-metrics&#8217;, &#8216;click&#8217;, { &#8220;allowLinkDefault&#8221; : true },  function(event){                    if(window.ue) {                        ue.count(&#8220;acrStarsLinkWithPopoverClickCount&#8221;, (ue.count(&#8220;acrStarsLinkWithPopoverClickCount&#8221;) || 0) + 1);                    }                });            });                          <\/p>\n<p><!-- Product Review Section Removed --><br \/>\n<!-- Price & Buy Now Section Removed --><\/p>\n\n","protected":false},"excerpt":{"rendered":"<p>Gereon Rath, ein junger Kommissar aus K\u00f6ln, wird nach Berlin versetzt, um den Kriminalfall eines von der Berliner Mafia gef\u00fchrten Pornorings zu l\u00f6sen. Was auf den ersten Blick eine simple Erpressung zu sein scheint, entpuppt sich bald als Skandal, der Raths Leben und das seiner engsten Vertrauten f\u00fcr immer ver\u00e4ndern wird. Zusammen mit der Stenotypistin [&hellip;]<\/p>\n","protected":false},"featured_media":113809,"comment_status":"open","ping_status":"closed","template":"","meta":{"_gspb_post_css":""},"store":[],"product_brand":[],"product_cat":[425,1911,167],"product_tag":[],"class_list":{"0":"post-113808","1":"product","2":"type-product","3":"status-publish","4":"has-post-thumbnail","6":"product_cat-movies-tv","7":"product_cat-tv","8":"product_cat-baby-products","10":"first","11":"instock","12":"shipping-taxable","13":"product-type-external"},"yoast_head":"<!-- This site is optimized with the Yoast SEO Premium plugin v26.2 (Yoast SEO v26.3) - https:\/\/yoast.com\/wordpress\/plugins\/seo\/ -->\n<title>Babylon Berlin - Collection Staffel 1 - 4 [Blu-ray] - anunciosgratuitos<\/title>\n<meta name=\"robots\" content=\"index, follow, max-snippet:-1, max-image-preview:large, max-video-preview:-1\" \/>\n<link rel=\"canonical\" href=\"https:\/\/anunciosgratuitos.net\/?product=babylon-berlin-collection-staffel-1-4-blu-ray\" \/>\n<meta property=\"og:locale\" content=\"en_US\" \/>\n<meta property=\"og:type\" content=\"article\" \/>\n<meta property=\"og:title\" content=\"Babylon Berlin - Collection Staffel 1 - 4 [Blu-ray]\" \/>\n<meta property=\"og:description\" content=\"Gereon Rath, ein junger Kommissar aus K\u00f6ln, wird nach Berlin versetzt, um den Kriminalfall eines von der Berliner Mafia gef\u00fchrten Pornorings zu l\u00f6sen. Was auf den ersten Blick eine simple Erpressung zu sein scheint, entpuppt sich bald als Skandal, der Raths Leben und das seiner engsten Vertrauten f\u00fcr immer ver\u00e4ndern wird. Zusammen mit der Stenotypistin [&hellip;]\" \/>\n<meta property=\"og:url\" content=\"https:\/\/anunciosgratuitos.net\/?product=babylon-berlin-collection-staffel-1-4-blu-ray\" \/>\n<meta property=\"og:site_name\" content=\"anunciosgratuitos\" \/>\n<meta property=\"article:modified_time\" content=\"2026-03-19T11:08:45+00:00\" \/>\n<meta name=\"twitter:card\" content=\"summary_large_image\" \/>\n<meta name=\"twitter:label1\" content=\"Est. reading time\" \/>\n\t<meta name=\"twitter:data1\" content=\"2 minutes\" \/>\n<script type=\"application\/ld+json\" class=\"yoast-schema-graph\">{\"@context\":\"https:\/\/schema.org\",\"@graph\":[{\"@type\":\"WebPage\",\"@id\":\"https:\/\/anunciosgratuitos.net\/?product=babylon-berlin-collection-staffel-1-4-blu-ray\",\"url\":\"https:\/\/anunciosgratuitos.net\/?product=babylon-berlin-collection-staffel-1-4-blu-ray\",\"name\":\"Babylon Berlin - Collection Staffel 1 - 4 [Blu-ray] - anunciosgratuitos\",\"isPartOf\":{\"@id\":\"https:\/\/anunciosgratuitos.net\/#website\"},\"primaryImageOfPage\":{\"@id\":\"https:\/\/anunciosgratuitos.net\/?product=babylon-berlin-collection-staffel-1-4-blu-ray#primaryimage\"},\"image\":{\"@id\":\"https:\/\/anunciosgratuitos.net\/?product=babylon-berlin-collection-staffel-1-4-blu-ray#primaryimage\"},\"thumbnailUrl\":\"https:\/\/anunciosgratuitos.net\/wp-content\/uploads\/2026\/03\/71ahvbgKCZL._SL1500_.jpg\",\"datePublished\":\"2026-03-19T11:08:04+00:00\",\"dateModified\":\"2026-03-19T11:08:45+00:00\",\"breadcrumb\":{\"@id\":\"https:\/\/anunciosgratuitos.net\/?product=babylon-berlin-collection-staffel-1-4-blu-ray#breadcrumb\"},\"inLanguage\":\"en-US\",\"potentialAction\":[{\"@type\":\"ReadAction\",\"target\":[\"https:\/\/anunciosgratuitos.net\/?product=babylon-berlin-collection-staffel-1-4-blu-ray\"]}]},{\"@type\":\"ImageObject\",\"inLanguage\":\"en-US\",\"@id\":\"https:\/\/anunciosgratuitos.net\/?product=babylon-berlin-collection-staffel-1-4-blu-ray#primaryimage\",\"url\":\"https:\/\/anunciosgratuitos.net\/wp-content\/uploads\/2026\/03\/71ahvbgKCZL._SL1500_.jpg\",\"contentUrl\":\"https:\/\/anunciosgratuitos.net\/wp-content\/uploads\/2026\/03\/71ahvbgKCZL._SL1500_.jpg\",\"width\":1175,\"height\":1500},{\"@type\":\"BreadcrumbList\",\"@id\":\"https:\/\/anunciosgratuitos.net\/?product=babylon-berlin-collection-staffel-1-4-blu-ray#breadcrumb\",\"itemListElement\":[{\"@type\":\"ListItem\",\"position\":1,\"name\":\"Home\",\"item\":\"https:\/\/anunciosgratuitos.net\/\"},{\"@type\":\"ListItem\",\"position\":2,\"name\":\"Shop\",\"item\":\"https:\/\/anunciosgratuitos.net\/?page_id=14\"},{\"@type\":\"ListItem\",\"position\":3,\"name\":\"Babylon Berlin &#8211; Collection Staffel 1 &#8211; 4 [Blu-ray]\"}]},{\"@type\":\"WebSite\",\"@id\":\"https:\/\/anunciosgratuitos.net\/#website\",\"url\":\"https:\/\/anunciosgratuitos.net\/\",\"name\":\"anunciosgratuitos\",\"description\":\"\",\"publisher\":{\"@id\":\"https:\/\/anunciosgratuitos.net\/#organization\"},\"potentialAction\":[{\"@type\":\"SearchAction\",\"target\":{\"@type\":\"EntryPoint\",\"urlTemplate\":\"https:\/\/anunciosgratuitos.net\/?s={search_term_string}\"},\"query-input\":{\"@type\":\"PropertyValueSpecification\",\"valueRequired\":true,\"valueName\":\"search_term_string\"}}],\"inLanguage\":\"en-US\"},{\"@type\":\"Organization\",\"@id\":\"https:\/\/anunciosgratuitos.net\/#organization\",\"name\":\"anunciosgratuitos\",\"url\":\"https:\/\/anunciosgratuitos.net\/\",\"logo\":{\"@type\":\"ImageObject\",\"inLanguage\":\"en-US\",\"@id\":\"https:\/\/anunciosgratuitos.net\/#\/schema\/logo\/image\/\",\"url\":\"https:\/\/anunciosgratuitos.net\/wp-content\/uploads\/2025\/11\/fff.png\",\"contentUrl\":\"https:\/\/anunciosgratuitos.net\/wp-content\/uploads\/2025\/11\/fff.png\",\"width\":438,\"height\":45,\"caption\":\"anunciosgratuitos\"},\"image\":{\"@id\":\"https:\/\/anunciosgratuitos.net\/#\/schema\/logo\/image\/\"}}]}<\/script>\n<!-- \/ Yoast SEO Premium plugin. -->","yoast_head_json":{"title":"Babylon Berlin - Collection Staffel 1 - 4 [Blu-ray] - anunciosgratuitos","robots":{"index":"index","follow":"follow","max-snippet":"max-snippet:-1","max-image-preview":"max-image-preview:large","max-video-preview":"max-video-preview:-1"},"canonical":"https:\/\/anunciosgratuitos.net\/?product=babylon-berlin-collection-staffel-1-4-blu-ray","og_locale":"en_US","og_type":"article","og_title":"Babylon Berlin - Collection Staffel 1 - 4 [Blu-ray]","og_description":"Gereon Rath, ein junger Kommissar aus K\u00f6ln, wird nach Berlin versetzt, um den Kriminalfall eines von der Berliner Mafia gef\u00fchrten Pornorings zu l\u00f6sen. Was auf den ersten Blick eine simple Erpressung zu sein scheint, entpuppt sich bald als Skandal, der Raths Leben und das seiner engsten Vertrauten f\u00fcr immer ver\u00e4ndern wird. Zusammen mit der Stenotypistin [&hellip;]","og_url":"https:\/\/anunciosgratuitos.net\/?product=babylon-berlin-collection-staffel-1-4-blu-ray","og_site_name":"anunciosgratuitos","article_modified_time":"2026-03-19T11:08:45+00:00","twitter_card":"summary_large_image","twitter_misc":{"Est. reading time":"2 minutes"},"schema":{"@context":"https:\/\/schema.org","@graph":[{"@type":"WebPage","@id":"https:\/\/anunciosgratuitos.net\/?product=babylon-berlin-collection-staffel-1-4-blu-ray","url":"https:\/\/anunciosgratuitos.net\/?product=babylon-berlin-collection-staffel-1-4-blu-ray","name":"Babylon Berlin - Collection Staffel 1 - 4 [Blu-ray] - anunciosgratuitos","isPartOf":{"@id":"https:\/\/anunciosgratuitos.net\/#website"},"primaryImageOfPage":{"@id":"https:\/\/anunciosgratuitos.net\/?product=babylon-berlin-collection-staffel-1-4-blu-ray#primaryimage"},"image":{"@id":"https:\/\/anunciosgratuitos.net\/?product=babylon-berlin-collection-staffel-1-4-blu-ray#primaryimage"},"thumbnailUrl":"https:\/\/anunciosgratuitos.net\/wp-content\/uploads\/2026\/03\/71ahvbgKCZL._SL1500_.jpg","datePublished":"2026-03-19T11:08:04+00:00","dateModified":"2026-03-19T11:08:45+00:00","breadcrumb":{"@id":"https:\/\/anunciosgratuitos.net\/?product=babylon-berlin-collection-staffel-1-4-blu-ray#breadcrumb"},"inLanguage":"en-US","potentialAction":[{"@type":"ReadAction","target":["https:\/\/anunciosgratuitos.net\/?product=babylon-berlin-collection-staffel-1-4-blu-ray"]}]},{"@type":"ImageObject","inLanguage":"en-US","@id":"https:\/\/anunciosgratuitos.net\/?product=babylon-berlin-collection-staffel-1-4-blu-ray#primaryimage","url":"https:\/\/anunciosgratuitos.net\/wp-content\/uploads\/2026\/03\/71ahvbgKCZL._SL1500_.jpg","contentUrl":"https:\/\/anunciosgratuitos.net\/wp-content\/uploads\/2026\/03\/71ahvbgKCZL._SL1500_.jpg","width":1175,"height":1500},{"@type":"BreadcrumbList","@id":"https:\/\/anunciosgratuitos.net\/?product=babylon-berlin-collection-staffel-1-4-blu-ray#breadcrumb","itemListElement":[{"@type":"ListItem","position":1,"name":"Home","item":"https:\/\/anunciosgratuitos.net\/"},{"@type":"ListItem","position":2,"name":"Shop","item":"https:\/\/anunciosgratuitos.net\/?page_id=14"},{"@type":"ListItem","position":3,"name":"Babylon Berlin &#8211; Collection Staffel 1 &#8211; 4 [Blu-ray]"}]},{"@type":"WebSite","@id":"https:\/\/anunciosgratuitos.net\/#website","url":"https:\/\/anunciosgratuitos.net\/","name":"anunciosgratuitos","description":"","publisher":{"@id":"https:\/\/anunciosgratuitos.net\/#organization"},"potentialAction":[{"@type":"SearchAction","target":{"@type":"EntryPoint","urlTemplate":"https:\/\/anunciosgratuitos.net\/?s={search_term_string}"},"query-input":{"@type":"PropertyValueSpecification","valueRequired":true,"valueName":"search_term_string"}}],"inLanguage":"en-US"},{"@type":"Organization","@id":"https:\/\/anunciosgratuitos.net\/#organization","name":"anunciosgratuitos","url":"https:\/\/anunciosgratuitos.net\/","logo":{"@type":"ImageObject","inLanguage":"en-US","@id":"https:\/\/anunciosgratuitos.net\/#\/schema\/logo\/image\/","url":"https:\/\/anunciosgratuitos.net\/wp-content\/uploads\/2025\/11\/fff.png","contentUrl":"https:\/\/anunciosgratuitos.net\/wp-content\/uploads\/2025\/11\/fff.png","width":438,"height":45,"caption":"anunciosgratuitos"},"image":{"@id":"https:\/\/anunciosgratuitos.net\/#\/schema\/logo\/image\/"}}]}},"_links":{"self":[{"href":"https:\/\/anunciosgratuitos.net\/index.php?rest_route=\/wp\/v2\/product\/113808","targetHints":{"allow":["GET"]}}],"collection":[{"href":"https:\/\/anunciosgratuitos.net\/index.php?rest_route=\/wp\/v2\/product"}],"about":[{"href":"https:\/\/anunciosgratuitos.net\/index.php?rest_route=\/wp\/v2\/types\/product"}],"replies":[{"embeddable":true,"href":"https:\/\/anunciosgratuitos.net\/index.php?rest_route=%2Fwp%2Fv2%2Fcomments&post=113808"}],"wp:featuredmedia":[{"embeddable":true,"href":"https:\/\/anunciosgratuitos.net\/index.php?rest_route=\/wp\/v2\/media\/113809"}],"wp:attachment":[{"href":"https:\/\/anunciosgratuitos.net\/index.php?rest_route=%2Fwp%2Fv2%2Fmedia&parent=113808"}],"wp:term":[{"taxonomy":"store","embeddable":true,"href":"https:\/\/anunciosgratuitos.net\/index.php?rest_route=%2Fwp%2Fv2%2Fstore&post=113808"},{"taxonomy":"product_brand","embeddable":true,"href":"https:\/\/anunciosgratuitos.net\/index.php?rest_route=%2Fwp%2Fv2%2Fproduct_brand&post=113808"},{"taxonomy":"product_cat","embeddable":true,"href":"https:\/\/anunciosgratuitos.net\/index.php?rest_route=%2Fwp%2Fv2%2Fproduct_cat&post=113808"},{"taxonomy":"product_tag","embeddable":true,"href":"https:\/\/anunciosgratuitos.net\/index.php?rest_route=%2Fwp%2Fv2%2Fproduct_tag&post=113808"}],"curies":[{"name":"wp","href":"https:\/\/api.w.org\/{rel}","templated":true}]}}