{"id":155544,"date":"2026-04-19T17:48:49","date_gmt":"2026-04-19T17:48:49","guid":{"rendered":"https:\/\/anunciosgratuitos.net\/?product=monopoly-hasbro-ms-game-in-box-multi-colour-e8424103"},"modified":"2026-04-19T17:50:24","modified_gmt":"2026-04-19T17:50:24","slug":"monopoly-hasbro-ms-game-in-box-multi-colour-e8424103","status":"publish","type":"product","link":"https:\/\/anunciosgratuitos.net\/?product=monopoly-hasbro-ms-game-in-box-multi-colour-e8424103","title":{"rendered":"Monopoly Hasbro Ms \u2013 Game in Box, Multi-Colour, E8424103"},"content":{"rendered":"<p><!-- Ads --><br \/>\n<\/p>\n<p><!-- Product Details Section --><\/p>\n<p>                                             From the manufacturer   <\/p>\n<p>                                                  <img decoding=\"async\" alt=\"Ms Monopoly\" src=\"https:\/\/images-na.ssl-images-amazon.com\/images\/G\/01\/x-locale\/common\/grey-pixel.gif\" class=\"a-lazy-loaded\" data-src=\"https:\/\/m.media-amazon.com\/images\/S\/aplus-media\/vc\/eff88c44-5152-4c93-8fcb-be61d1f98475.__CR0,0,2837,2837_PT0_SX300_V1___.jpg\"><img decoding=\"async\" alt=\"Ms Monopoly\" src=\"https:\/\/m.media-amazon.com\/images\/S\/aplus-media\/vc\/eff88c44-5152-4c93-8fcb-be61d1f98475.__CR0,0,2837,2837_PT0_SX300_V1___.jpg\">  <\/p>\n<h3 class=\"a-spacing-mini\"> \u00a1Conoce Miss Monopoli! <\/h3>\n<p> Este monopoly sensacional, adem\u00e1s de ser una celebraci\u00f3n de las mujeres inventoras y empresariales, presenta un nuevo personaje de la familia Monopoly. Los jugadores pueden construir barrios generales empresariales para pedir un alquiler a\u00fan m\u00e1s alto. Despl\u00e1zate hacia adelante con las carreras compartidas y compra utilidades inventadas por mujeres como, por ejemplo, los paneles solares para calefacci\u00f3n. <\/p>\n<p>                                                  <img decoding=\"async\" alt=\"M\" src=\"https:\/\/images-na.ssl-images-amazon.com\/images\/G\/01\/x-locale\/common\/grey-pixel.gif\" class=\"a-spacing-mini a-lazy-loaded\" data-src=\"https:\/\/m.media-amazon.com\/images\/S\/aplus-media\/vc\/9ae1beb8-a2f8-41e2-ab0a-b6d3674bef40.__CR0,0,3231,3231_PT0_SX300_V1___.jpg\"><img decoding=\"async\" alt=\"M\" src=\"https:\/\/m.media-amazon.com\/images\/S\/aplus-media\/vc\/9ae1beb8-a2f8-41e2-ab0a-b6d3674bef40.__CR0,0,3231,3231_PT0_SX300_V1___.jpg\">  <\/p>\n<h3 class=\"a-spacing-mini\"> Ganar\u00e1 m\u00e1s dinero y compra las invenciones de las mujeres <\/h3>\n<p> En el juego de Miss Monopoly las mujeres reciben una mayor paga al comienzo del juego y cuando pasan por la v\u00eda y en lugar de comprar propiedades, los jugadores compran algunos de los art\u00edculos que no exist\u00edan sin las originales mujeres que los inventan. <\/p>\n<p>                                                  <img decoding=\"async\" alt=\"ms monopoly\" src=\"https:\/\/images-na.ssl-images-amazon.com\/images\/G\/01\/x-locale\/common\/grey-pixel.gif\" class=\"a-lazy-loaded\" data-src=\"https:\/\/m.media-amazon.com\/images\/S\/aplus-media\/vc\/ed1faeda-7408-4ab6-bc4f-3382693660b4.__CR123,123,2465,2465_PT0_SX300_V1___.jpg\"><img decoding=\"async\" alt=\"ms monopoly\" src=\"https:\/\/m.media-amazon.com\/images\/S\/aplus-media\/vc\/ed1faeda-7408-4ab6-bc4f-3382693660b4.__CR123,123,2465,2465_PT0_SX300_V1___.jpg\">  <\/p>\n<h3 class=\"a-spacing-mini\"> Piquetas tem\u00e1ticas. <\/h3>\n<p> Mu\u00e9vate sobre el tablero utilizando una de las peines que representan Miss Monopoly: un port\u00e1til y un bol\u00edgrafo, un jet, un vaso, un reloj, un balanc\u00edn o el sombrero blanco de Miss Monopoly. <\/p>\n<p> Product Dimensions                                            \u200f                                            :                                            \u200e                                            2.66 x 0.41 x 4 cm; 400 g   <br \/> Release date                                            \u200f                                            :                                            \u200e                                            7 Oct. 2019   <br \/> Mfg Recommended age                                            \u200f                                            :                                            \u200e                                            8 &#8211; 99 years   <br \/> Item model number                                            \u200f                                            :                                            \u200e                                            E8424103   <br \/> ASIN                                            \u200f                                            :                                            \u200e                                            B07RXKKFSM   <br \/>  Customer reviews:                                                                                            4.2               4.2 out of 5 stars                                  (294)                                              var dpAcrHasRegisteredArcLinkClickAction;                    P.when(&#8216;A&#8217;, &#8216;ready&#8217;).execute(function(A) {                        if (dpAcrHasRegisteredArcLinkClickAction !== true) {                            dpAcrHasRegisteredArcLinkClickAction = true;                            A.declarative(                                &#8216;acrLink-click-metrics&#8217;, &#8216;click&#8217;,                                { &#8220;allowLinkDefault&#8221;: true },                                function (event) {                                    if (window.ue) {                                        ue.count(&#8220;acrLinkClickCount&#8221;, (ue.count(&#8220;acrLinkClickCount&#8221;) || 0) + 1);                                    }                                }                            );                        }                    });                                             P.when(&#8216;A&#8217;, &#8216;cf&#8217;).execute(function(A) {                A.declarative(&#8216;acrStarsLink-click-metrics&#8217;, &#8216;click&#8217;, { &#8220;allowLinkDefault&#8221; : true },  function(event){                    if(window.ue) {                        ue.count(&#8220;acrStarsLinkWithPopoverClickCount&#8221;, (ue.count(&#8220;acrStarsLinkWithPopoverClickCount&#8221;) || 0) + 1);                    }                });            });                          <br \/>Meet Miss monopoly<br \/>Shop Women&#8217;s Inventions<br \/>Earn money<br \/>Dream Big<br \/>Theme pawns<\/p>\n<p><!-- Product Review Section Removed --><br \/>\n<!-- Price & Buy Now Section Removed --><\/p>\n\n","protected":false},"excerpt":{"rendered":"<p>From the manufacturer \u00a1Conoce Miss Monopoli! Este monopoly sensacional, adem\u00e1s de ser una celebraci\u00f3n de las mujeres inventoras y empresariales, presenta un nuevo personaje de la familia Monopoly. Los jugadores pueden construir barrios generales empresariales para pedir un alquiler a\u00fan m\u00e1s alto. Despl\u00e1zate hacia adelante con las carreras compartidas y compra utilidades inventadas por mujeres [&hellip;]<\/p>\n","protected":false},"featured_media":155545,"comment_status":"open","ping_status":"closed","template":"","meta":{"_gspb_post_css":""},"store":[],"product_brand":[],"product_cat":[359,357,360,358,160],"product_tag":[],"class_list":{"0":"post-155544","1":"product","2":"type-product","3":"status-publish","4":"has-post-thumbnail","6":"product_cat-board-games","7":"product_cat-games-accessories","8":"product_cat-strategy-games","9":"product_cat-tabletop-games","10":"product_cat-toys-games","12":"first","13":"instock","14":"shipping-taxable","15":"product-type-external"},"yoast_head":"<!-- This site is optimized with the Yoast SEO Premium plugin v26.2 (Yoast SEO v26.3) - https:\/\/yoast.com\/wordpress\/plugins\/seo\/ -->\n<title>Monopoly Hasbro Ms \u2013 Game in Box, Multi-Colour, E8424103 - anunciosgratuitos<\/title>\n<meta name=\"robots\" content=\"index, follow, max-snippet:-1, max-image-preview:large, max-video-preview:-1\" \/>\n<link rel=\"canonical\" href=\"https:\/\/anunciosgratuitos.net\/?product=monopoly-hasbro-ms-game-in-box-multi-colour-e8424103\" \/>\n<meta property=\"og:locale\" content=\"en_US\" \/>\n<meta property=\"og:type\" content=\"article\" \/>\n<meta property=\"og:title\" content=\"Monopoly Hasbro Ms \u2013 Game in Box, Multi-Colour, E8424103\" \/>\n<meta property=\"og:description\" content=\"From the manufacturer \u00a1Conoce Miss Monopoli! Este monopoly sensacional, adem\u00e1s de ser una celebraci\u00f3n de las mujeres inventoras y empresariales, presenta un nuevo personaje de la familia Monopoly. Los jugadores pueden construir barrios generales empresariales para pedir un alquiler a\u00fan m\u00e1s alto. Despl\u00e1zate hacia adelante con las carreras compartidas y compra utilidades inventadas por mujeres [&hellip;]\" \/>\n<meta property=\"og:url\" content=\"https:\/\/anunciosgratuitos.net\/?product=monopoly-hasbro-ms-game-in-box-multi-colour-e8424103\" \/>\n<meta property=\"og:site_name\" content=\"anunciosgratuitos\" \/>\n<meta property=\"article:modified_time\" content=\"2026-04-19T17:50:24+00:00\" \/>\n<meta property=\"og:image\" content=\"https:\/\/images-na.ssl-images-amazon.com\/images\/G\/01\/x-locale\/common\/grey-pixel.gif\" \/>\n<meta name=\"twitter:card\" content=\"summary_large_image\" \/>\n<meta name=\"twitter:label1\" content=\"Est. reading time\" \/>\n\t<meta name=\"twitter:data1\" content=\"1 minute\" \/>\n<script type=\"application\/ld+json\" class=\"yoast-schema-graph\">{\"@context\":\"https:\/\/schema.org\",\"@graph\":[{\"@type\":\"WebPage\",\"@id\":\"https:\/\/anunciosgratuitos.net\/?product=monopoly-hasbro-ms-game-in-box-multi-colour-e8424103\",\"url\":\"https:\/\/anunciosgratuitos.net\/?product=monopoly-hasbro-ms-game-in-box-multi-colour-e8424103\",\"name\":\"Monopoly Hasbro Ms \u2013 Game in Box, Multi-Colour, E8424103 - anunciosgratuitos\",\"isPartOf\":{\"@id\":\"https:\/\/anunciosgratuitos.net\/#website\"},\"primaryImageOfPage\":{\"@id\":\"https:\/\/anunciosgratuitos.net\/?product=monopoly-hasbro-ms-game-in-box-multi-colour-e8424103#primaryimage\"},\"image\":{\"@id\":\"https:\/\/anunciosgratuitos.net\/?product=monopoly-hasbro-ms-game-in-box-multi-colour-e8424103#primaryimage\"},\"thumbnailUrl\":\"https:\/\/anunciosgratuitos.net\/wp-content\/uploads\/2026\/04\/918f92KqTnL._AC_SL1500_.jpg\",\"datePublished\":\"2026-04-19T17:48:49+00:00\",\"dateModified\":\"2026-04-19T17:50:24+00:00\",\"breadcrumb\":{\"@id\":\"https:\/\/anunciosgratuitos.net\/?product=monopoly-hasbro-ms-game-in-box-multi-colour-e8424103#breadcrumb\"},\"inLanguage\":\"en-US\",\"potentialAction\":[{\"@type\":\"ReadAction\",\"target\":[\"https:\/\/anunciosgratuitos.net\/?product=monopoly-hasbro-ms-game-in-box-multi-colour-e8424103\"]}]},{\"@type\":\"ImageObject\",\"inLanguage\":\"en-US\",\"@id\":\"https:\/\/anunciosgratuitos.net\/?product=monopoly-hasbro-ms-game-in-box-multi-colour-e8424103#primaryimage\",\"url\":\"https:\/\/anunciosgratuitos.net\/wp-content\/uploads\/2026\/04\/918f92KqTnL._AC_SL1500_.jpg\",\"contentUrl\":\"https:\/\/anunciosgratuitos.net\/wp-content\/uploads\/2026\/04\/918f92KqTnL._AC_SL1500_.jpg\",\"width\":1500,\"height\":1320},{\"@type\":\"BreadcrumbList\",\"@id\":\"https:\/\/anunciosgratuitos.net\/?product=monopoly-hasbro-ms-game-in-box-multi-colour-e8424103#breadcrumb\",\"itemListElement\":[{\"@type\":\"ListItem\",\"position\":1,\"name\":\"Home\",\"item\":\"https:\/\/anunciosgratuitos.net\/\"},{\"@type\":\"ListItem\",\"position\":2,\"name\":\"Shop\",\"item\":\"https:\/\/anunciosgratuitos.net\/?page_id=14\"},{\"@type\":\"ListItem\",\"position\":3,\"name\":\"Monopoly Hasbro Ms \u2013 Game in Box, Multi-Colour, E8424103\"}]},{\"@type\":\"WebSite\",\"@id\":\"https:\/\/anunciosgratuitos.net\/#website\",\"url\":\"https:\/\/anunciosgratuitos.net\/\",\"name\":\"anunciosgratuitos\",\"description\":\"\",\"publisher\":{\"@id\":\"https:\/\/anunciosgratuitos.net\/#organization\"},\"potentialAction\":[{\"@type\":\"SearchAction\",\"target\":{\"@type\":\"EntryPoint\",\"urlTemplate\":\"https:\/\/anunciosgratuitos.net\/?s={search_term_string}\"},\"query-input\":{\"@type\":\"PropertyValueSpecification\",\"valueRequired\":true,\"valueName\":\"search_term_string\"}}],\"inLanguage\":\"en-US\"},{\"@type\":\"Organization\",\"@id\":\"https:\/\/anunciosgratuitos.net\/#organization\",\"name\":\"anunciosgratuitos\",\"url\":\"https:\/\/anunciosgratuitos.net\/\",\"logo\":{\"@type\":\"ImageObject\",\"inLanguage\":\"en-US\",\"@id\":\"https:\/\/anunciosgratuitos.net\/#\/schema\/logo\/image\/\",\"url\":\"https:\/\/anunciosgratuitos.net\/wp-content\/uploads\/2025\/11\/fff.png\",\"contentUrl\":\"https:\/\/anunciosgratuitos.net\/wp-content\/uploads\/2025\/11\/fff.png\",\"width\":438,\"height\":45,\"caption\":\"anunciosgratuitos\"},\"image\":{\"@id\":\"https:\/\/anunciosgratuitos.net\/#\/schema\/logo\/image\/\"}}]}<\/script>\n<!-- \/ Yoast SEO Premium plugin. -->","yoast_head_json":{"title":"Monopoly Hasbro Ms \u2013 Game in Box, Multi-Colour, E8424103 - anunciosgratuitos","robots":{"index":"index","follow":"follow","max-snippet":"max-snippet:-1","max-image-preview":"max-image-preview:large","max-video-preview":"max-video-preview:-1"},"canonical":"https:\/\/anunciosgratuitos.net\/?product=monopoly-hasbro-ms-game-in-box-multi-colour-e8424103","og_locale":"en_US","og_type":"article","og_title":"Monopoly Hasbro Ms \u2013 Game in Box, Multi-Colour, E8424103","og_description":"From the manufacturer \u00a1Conoce Miss Monopoli! Este monopoly sensacional, adem\u00e1s de ser una celebraci\u00f3n de las mujeres inventoras y empresariales, presenta un nuevo personaje de la familia Monopoly. Los jugadores pueden construir barrios generales empresariales para pedir un alquiler a\u00fan m\u00e1s alto. Despl\u00e1zate hacia adelante con las carreras compartidas y compra utilidades inventadas por mujeres [&hellip;]","og_url":"https:\/\/anunciosgratuitos.net\/?product=monopoly-hasbro-ms-game-in-box-multi-colour-e8424103","og_site_name":"anunciosgratuitos","article_modified_time":"2026-04-19T17:50:24+00:00","og_image":[{"url":"https:\/\/images-na.ssl-images-amazon.com\/images\/G\/01\/x-locale\/common\/grey-pixel.gif","type":"","width":"","height":""}],"twitter_card":"summary_large_image","twitter_misc":{"Est. reading time":"1 minute"},"schema":{"@context":"https:\/\/schema.org","@graph":[{"@type":"WebPage","@id":"https:\/\/anunciosgratuitos.net\/?product=monopoly-hasbro-ms-game-in-box-multi-colour-e8424103","url":"https:\/\/anunciosgratuitos.net\/?product=monopoly-hasbro-ms-game-in-box-multi-colour-e8424103","name":"Monopoly Hasbro Ms \u2013 Game in Box, Multi-Colour, E8424103 - anunciosgratuitos","isPartOf":{"@id":"https:\/\/anunciosgratuitos.net\/#website"},"primaryImageOfPage":{"@id":"https:\/\/anunciosgratuitos.net\/?product=monopoly-hasbro-ms-game-in-box-multi-colour-e8424103#primaryimage"},"image":{"@id":"https:\/\/anunciosgratuitos.net\/?product=monopoly-hasbro-ms-game-in-box-multi-colour-e8424103#primaryimage"},"thumbnailUrl":"https:\/\/anunciosgratuitos.net\/wp-content\/uploads\/2026\/04\/918f92KqTnL._AC_SL1500_.jpg","datePublished":"2026-04-19T17:48:49+00:00","dateModified":"2026-04-19T17:50:24+00:00","breadcrumb":{"@id":"https:\/\/anunciosgratuitos.net\/?product=monopoly-hasbro-ms-game-in-box-multi-colour-e8424103#breadcrumb"},"inLanguage":"en-US","potentialAction":[{"@type":"ReadAction","target":["https:\/\/anunciosgratuitos.net\/?product=monopoly-hasbro-ms-game-in-box-multi-colour-e8424103"]}]},{"@type":"ImageObject","inLanguage":"en-US","@id":"https:\/\/anunciosgratuitos.net\/?product=monopoly-hasbro-ms-game-in-box-multi-colour-e8424103#primaryimage","url":"https:\/\/anunciosgratuitos.net\/wp-content\/uploads\/2026\/04\/918f92KqTnL._AC_SL1500_.jpg","contentUrl":"https:\/\/anunciosgratuitos.net\/wp-content\/uploads\/2026\/04\/918f92KqTnL._AC_SL1500_.jpg","width":1500,"height":1320},{"@type":"BreadcrumbList","@id":"https:\/\/anunciosgratuitos.net\/?product=monopoly-hasbro-ms-game-in-box-multi-colour-e8424103#breadcrumb","itemListElement":[{"@type":"ListItem","position":1,"name":"Home","item":"https:\/\/anunciosgratuitos.net\/"},{"@type":"ListItem","position":2,"name":"Shop","item":"https:\/\/anunciosgratuitos.net\/?page_id=14"},{"@type":"ListItem","position":3,"name":"Monopoly Hasbro Ms \u2013 Game in Box, Multi-Colour, E8424103"}]},{"@type":"WebSite","@id":"https:\/\/anunciosgratuitos.net\/#website","url":"https:\/\/anunciosgratuitos.net\/","name":"anunciosgratuitos","description":"","publisher":{"@id":"https:\/\/anunciosgratuitos.net\/#organization"},"potentialAction":[{"@type":"SearchAction","target":{"@type":"EntryPoint","urlTemplate":"https:\/\/anunciosgratuitos.net\/?s={search_term_string}"},"query-input":{"@type":"PropertyValueSpecification","valueRequired":true,"valueName":"search_term_string"}}],"inLanguage":"en-US"},{"@type":"Organization","@id":"https:\/\/anunciosgratuitos.net\/#organization","name":"anunciosgratuitos","url":"https:\/\/anunciosgratuitos.net\/","logo":{"@type":"ImageObject","inLanguage":"en-US","@id":"https:\/\/anunciosgratuitos.net\/#\/schema\/logo\/image\/","url":"https:\/\/anunciosgratuitos.net\/wp-content\/uploads\/2025\/11\/fff.png","contentUrl":"https:\/\/anunciosgratuitos.net\/wp-content\/uploads\/2025\/11\/fff.png","width":438,"height":45,"caption":"anunciosgratuitos"},"image":{"@id":"https:\/\/anunciosgratuitos.net\/#\/schema\/logo\/image\/"}}]}},"_links":{"self":[{"href":"https:\/\/anunciosgratuitos.net\/index.php?rest_route=\/wp\/v2\/product\/155544","targetHints":{"allow":["GET"]}}],"collection":[{"href":"https:\/\/anunciosgratuitos.net\/index.php?rest_route=\/wp\/v2\/product"}],"about":[{"href":"https:\/\/anunciosgratuitos.net\/index.php?rest_route=\/wp\/v2\/types\/product"}],"replies":[{"embeddable":true,"href":"https:\/\/anunciosgratuitos.net\/index.php?rest_route=%2Fwp%2Fv2%2Fcomments&post=155544"}],"wp:featuredmedia":[{"embeddable":true,"href":"https:\/\/anunciosgratuitos.net\/index.php?rest_route=\/wp\/v2\/media\/155545"}],"wp:attachment":[{"href":"https:\/\/anunciosgratuitos.net\/index.php?rest_route=%2Fwp%2Fv2%2Fmedia&parent=155544"}],"wp:term":[{"taxonomy":"store","embeddable":true,"href":"https:\/\/anunciosgratuitos.net\/index.php?rest_route=%2Fwp%2Fv2%2Fstore&post=155544"},{"taxonomy":"product_brand","embeddable":true,"href":"https:\/\/anunciosgratuitos.net\/index.php?rest_route=%2Fwp%2Fv2%2Fproduct_brand&post=155544"},{"taxonomy":"product_cat","embeddable":true,"href":"https:\/\/anunciosgratuitos.net\/index.php?rest_route=%2Fwp%2Fv2%2Fproduct_cat&post=155544"},{"taxonomy":"product_tag","embeddable":true,"href":"https:\/\/anunciosgratuitos.net\/index.php?rest_route=%2Fwp%2Fv2%2Fproduct_tag&post=155544"}],"curies":[{"name":"wp","href":"https:\/\/api.w.org\/{rel}","templated":true}]}}