{"id":163630,"date":"2026-04-25T05:20:34","date_gmt":"2026-04-25T05:20:34","guid":{"rendered":"https:\/\/anunciosgratuitos.net\/?product=play-fun-truth-machine-family-kids-board-game-imc-toys"},"modified":"2026-04-25T05:20:54","modified_gmt":"2026-04-25T05:20:54","slug":"play-fun-truth-machine-family-kids-board-game-imc-toys","status":"publish","type":"product","link":"https:\/\/anunciosgratuitos.net\/?product=play-fun-truth-machine-family-kids-board-game-imc-toys","title":{"rendered":"Play Fun Truth Machine Family &#038; Kids Board Game &#8211; IMC Toys"},"content":{"rendered":"<p><!-- Ads --><br \/>\n<\/p>\n<p><!-- Product Details Section --><\/p>\n<p>                                                 From the brand   <\/p>\n<p>                                              <img decoding=\"async\" alt=\"maquina de la verdad\" src=\"https:\/\/images-na.ssl-images-amazon.com\/images\/G\/01\/x-locale\/common\/grey-pixel.gif\" class=\"a-lazy-loaded\" data-src=\"https:\/\/m.media-amazon.com\/images\/S\/aplus-media-library-service-media\/2fcaad9a-9351-4e56-892e-be3cffd522d5.__CR0,0,1464,625_PT0_SX1464_V1___.png\"><img decoding=\"async\" alt=\"maquina de la verdad\" src=\"https:\/\/m.media-amazon.com\/images\/S\/aplus-media-library-service-media\/2fcaad9a-9351-4e56-892e-be3cffd522d5.__CR0,0,1464,625_PT0_SX1464_V1___.png\">  <\/p>\n<p>                                              <img decoding=\"async\" alt=\"\" src=\"https:\/\/images-na.ssl-images-amazon.com\/images\/G\/01\/x-locale\/common\/grey-pixel.gif\" class=\"a-lazy-loaded\" data-src=\"https:\/\/m.media-amazon.com\/images\/S\/aplus-media-library-service-media\/5c56b7e5-6303-41dc-9481-a30b63715e74.__CR0,713,1500,690_PT0_SX315_V1___.jpg\"><img decoding=\"async\" alt=\"\" src=\"https:\/\/m.media-amazon.com\/images\/S\/aplus-media-library-service-media\/5c56b7e5-6303-41dc-9481-a30b63715e74.__CR0,713,1500,690_PT0_SX315_V1___.jpg\">  <\/p>\n<p> Los juguetes de IMC TOYS siguen estrictos controles en su producci\u00f3n para garantizar el disfrute y la seguridad de los ni\u00f1os. <\/p>\n<p> Son de f\u00e1cil uso y funcionamiento. Estamos seguros que les proporcionar\u00e1n grandes momentos de entretenimiento. <\/p>\n<p> Le agradecemos la adquisici\u00f3n y la confianza depositada en uno de nuestros productos. <\/p>\n<h3> Descubre los juegos Play Fun <\/h3>\n<p class=\"apm-brand-story-stores-link\">\n<p>                                                         Juego de verdad o mentira                                       <\/p>\n<p> La m\u00e1quina de la verdad es un juego de mesa familiar s\u00faper divertido y entretenido tanto para ni\u00f1os como adultos <\/p>\n<p> \u00a1Pon a prueba tus familiares o tus amigos y detecta sus secretos con este detector de mentiras! <\/p>\n<p>                                                         C\u00f3mo funciona                                       <\/p>\n<p> El jugador coloca sus dedos en el medidor de la m\u00e1quina y se pone el casco.  <\/p>\n<p> Hazle la pregunta y biiippp, las bombillas de color te dir\u00e1n si est\u00e1 diciendo la verdad o no <\/p>\n<p>                                                         De 2 a 8 jugadores                                       <\/p>\n<p> Incluye 500 preguntas divertidas para toda la familia y tambi\u00e9n puedes crear tus propias preguntas. El jugador con m\u00e1s vida gana el juego <\/p>\n<p> Batteries                                            \u200f                                            :                                            \u200e                                            3 AA batteries required.   <br \/> Is discontinued by manufacturer                                            \u200f                                            :                                            \u200e                                            No   <br \/> Product Dimensions                                            \u200f                                            :                                            \u200e                                            26.5 x 17.7 x 26.5 cm; 460 g   <br \/> Release date                                            \u200f                                            :                                            \u200e                                            1 May 2018   <br \/> Mfg Recommended age                                            \u200f                                            :                                            \u200e                                            8 &#8211; 8 years   <br \/> Item model number                                            \u200f                                            :                                            \u200e                                            96967IMIT   <br \/> ASIN                                            \u200f                                            :                                            \u200e                                            B07CTWQ7NC   <br \/> Country of origin                                            \u200f                                            :                                            \u200e                                            Romania   <br \/>  Customer reviews:                                                                                            4.0               4.0 out of 5 stars                                  (7,273)                                              var dpAcrHasRegisteredArcLinkClickAction;                    P.when(&#8216;A&#8217;, &#8216;ready&#8217;).execute(function(A) {                        if (dpAcrHasRegisteredArcLinkClickAction !== true) {                            dpAcrHasRegisteredArcLinkClickAction = true;                            A.declarative(                                &#8216;acrLink-click-metrics&#8217;, &#8216;click&#8217;,                                { &#8220;allowLinkDefault&#8221;: true },                                function (event) {                                    if (window.ue) {                                        ue.count(&#8220;acrLinkClickCount&#8221;, (ue.count(&#8220;acrLinkClickCount&#8221;) || 0) + 1);                                    }                                }                            );                        }                    });                                             P.when(&#8216;A&#8217;, &#8216;cf&#8217;).execute(function(A) {                A.declarative(&#8216;acrStarsLink-click-metrics&#8217;, &#8216;click&#8217;, { &#8220;allowLinkDefault&#8221; : true },  function(event){                    if(window.ue) {                        ue.count(&#8220;acrStarsLinkWithPopoverClickCount&#8221;, (ue.count(&#8220;acrStarsLinkWithPopoverClickCount&#8221;) || 0) + 1);                    }                });            });                          <br \/>The truth machine is a super fun and entertaining family board game for both kids and adults!<br \/>Test your family members or friends and detect their secrets with this lie detector!<br \/>The player places his fingers on the machine meter and puts on the helmet. Ask him the question and biiiiipppp. The color bulbs will tell you if he&#8217;s telling the truth or not<br \/>Includes 500 fun questions for the whole family and you can also create your own questions. The most alive player wins the game<br \/>Recommended for adults and children ages 8 and up. For 2 to 8 players<br \/>Play Fun toys follow strict production controls to ensure the enjoyment and safety of children; They are games that are easy to use and operate<br \/>Spanish version<\/p>\n<p><!-- Product Review Section Removed --><br \/>\n<!-- Price & Buy Now Section Removed --><\/p>\n\n","protected":false},"excerpt":{"rendered":"<p>From the brand Los juguetes de IMC TOYS siguen estrictos controles en su producci\u00f3n para garantizar el disfrute y la seguridad de los ni\u00f1os. Son de f\u00e1cil uso y funcionamiento. Estamos seguros que les proporcionar\u00e1n grandes momentos de entretenimiento. Le agradecemos la adquisici\u00f3n y la confianza depositada en uno de nuestros productos. Descubre los juegos [&hellip;]<\/p>\n","protected":false},"featured_media":163633,"comment_status":"open","ping_status":"closed","template":"","meta":{"_gspb_post_css":""},"store":[],"product_brand":[],"product_cat":[359,357,358,480,167,160],"product_tag":[],"class_list":{"0":"post-163630","1":"product","2":"type-product","3":"status-publish","4":"has-post-thumbnail","6":"product_cat-board-games","7":"product_cat-games-accessories","8":"product_cat-tabletop-games","9":"product_cat-trivia-quiz-games","10":"product_cat-baby-products","11":"product_cat-toys-games","13":"first","14":"instock","15":"sale","16":"shipping-taxable","17":"product-type-external"},"yoast_head":"<!-- This site is optimized with the Yoast SEO Premium plugin v26.2 (Yoast SEO v26.3) - https:\/\/yoast.com\/wordpress\/plugins\/seo\/ -->\n<title>Play Fun Truth Machine Family &amp; Kids Board Game - IMC Toys - anunciosgratuitos<\/title>\n<meta name=\"robots\" content=\"index, follow, max-snippet:-1, max-image-preview:large, max-video-preview:-1\" \/>\n<link rel=\"canonical\" href=\"https:\/\/anunciosgratuitos.net\/?product=play-fun-truth-machine-family-kids-board-game-imc-toys\" \/>\n<meta property=\"og:locale\" content=\"en_US\" \/>\n<meta property=\"og:type\" content=\"article\" \/>\n<meta property=\"og:title\" content=\"Play Fun Truth Machine Family &amp; Kids Board Game - IMC Toys\" \/>\n<meta property=\"og:description\" content=\"From the brand Los juguetes de IMC TOYS siguen estrictos controles en su producci\u00f3n para garantizar el disfrute y la seguridad de los ni\u00f1os. Son de f\u00e1cil uso y funcionamiento. Estamos seguros que les proporcionar\u00e1n grandes momentos de entretenimiento. Le agradecemos la adquisici\u00f3n y la confianza depositada en uno de nuestros productos. Descubre los juegos [&hellip;]\" \/>\n<meta property=\"og:url\" content=\"https:\/\/anunciosgratuitos.net\/?product=play-fun-truth-machine-family-kids-board-game-imc-toys\" \/>\n<meta property=\"og:site_name\" content=\"anunciosgratuitos\" \/>\n<meta property=\"article:modified_time\" content=\"2026-04-25T05:20:54+00:00\" \/>\n<meta property=\"og:image\" content=\"https:\/\/images-na.ssl-images-amazon.com\/images\/G\/01\/x-locale\/common\/grey-pixel.gif\" \/>\n<meta name=\"twitter:card\" content=\"summary_large_image\" \/>\n<meta name=\"twitter:label1\" content=\"Est. reading time\" \/>\n\t<meta name=\"twitter:data1\" content=\"2 minutes\" \/>\n<script type=\"application\/ld+json\" class=\"yoast-schema-graph\">{\"@context\":\"https:\/\/schema.org\",\"@graph\":[{\"@type\":\"WebPage\",\"@id\":\"https:\/\/anunciosgratuitos.net\/?product=play-fun-truth-machine-family-kids-board-game-imc-toys\",\"url\":\"https:\/\/anunciosgratuitos.net\/?product=play-fun-truth-machine-family-kids-board-game-imc-toys\",\"name\":\"Play Fun Truth Machine Family & Kids Board Game - IMC Toys - anunciosgratuitos\",\"isPartOf\":{\"@id\":\"https:\/\/anunciosgratuitos.net\/#website\"},\"primaryImageOfPage\":{\"@id\":\"https:\/\/anunciosgratuitos.net\/?product=play-fun-truth-machine-family-kids-board-game-imc-toys#primaryimage\"},\"image\":{\"@id\":\"https:\/\/anunciosgratuitos.net\/?product=play-fun-truth-machine-family-kids-board-game-imc-toys#primaryimage\"},\"thumbnailUrl\":\"https:\/\/anunciosgratuitos.net\/wp-content\/uploads\/2026\/04\/81eLZLHkFL._AC_SL1500_.jpg\",\"datePublished\":\"2026-04-25T05:20:34+00:00\",\"dateModified\":\"2026-04-25T05:20:54+00:00\",\"breadcrumb\":{\"@id\":\"https:\/\/anunciosgratuitos.net\/?product=play-fun-truth-machine-family-kids-board-game-imc-toys#breadcrumb\"},\"inLanguage\":\"en-US\",\"potentialAction\":[{\"@type\":\"ReadAction\",\"target\":[\"https:\/\/anunciosgratuitos.net\/?product=play-fun-truth-machine-family-kids-board-game-imc-toys\"]}]},{\"@type\":\"ImageObject\",\"inLanguage\":\"en-US\",\"@id\":\"https:\/\/anunciosgratuitos.net\/?product=play-fun-truth-machine-family-kids-board-game-imc-toys#primaryimage\",\"url\":\"https:\/\/anunciosgratuitos.net\/wp-content\/uploads\/2026\/04\/81eLZLHkFL._AC_SL1500_.jpg\",\"contentUrl\":\"https:\/\/anunciosgratuitos.net\/wp-content\/uploads\/2026\/04\/81eLZLHkFL._AC_SL1500_.jpg\",\"width\":1493,\"height\":1500},{\"@type\":\"BreadcrumbList\",\"@id\":\"https:\/\/anunciosgratuitos.net\/?product=play-fun-truth-machine-family-kids-board-game-imc-toys#breadcrumb\",\"itemListElement\":[{\"@type\":\"ListItem\",\"position\":1,\"name\":\"Home\",\"item\":\"https:\/\/anunciosgratuitos.net\/\"},{\"@type\":\"ListItem\",\"position\":2,\"name\":\"Shop\",\"item\":\"https:\/\/anunciosgratuitos.net\/?page_id=14\"},{\"@type\":\"ListItem\",\"position\":3,\"name\":\"Play Fun Truth Machine Family &#038; Kids Board Game &#8211; IMC Toys\"}]},{\"@type\":\"WebSite\",\"@id\":\"https:\/\/anunciosgratuitos.net\/#website\",\"url\":\"https:\/\/anunciosgratuitos.net\/\",\"name\":\"anunciosgratuitos\",\"description\":\"\",\"publisher\":{\"@id\":\"https:\/\/anunciosgratuitos.net\/#organization\"},\"potentialAction\":[{\"@type\":\"SearchAction\",\"target\":{\"@type\":\"EntryPoint\",\"urlTemplate\":\"https:\/\/anunciosgratuitos.net\/?s={search_term_string}\"},\"query-input\":{\"@type\":\"PropertyValueSpecification\",\"valueRequired\":true,\"valueName\":\"search_term_string\"}}],\"inLanguage\":\"en-US\"},{\"@type\":\"Organization\",\"@id\":\"https:\/\/anunciosgratuitos.net\/#organization\",\"name\":\"anunciosgratuitos\",\"url\":\"https:\/\/anunciosgratuitos.net\/\",\"logo\":{\"@type\":\"ImageObject\",\"inLanguage\":\"en-US\",\"@id\":\"https:\/\/anunciosgratuitos.net\/#\/schema\/logo\/image\/\",\"url\":\"https:\/\/anunciosgratuitos.net\/wp-content\/uploads\/2025\/11\/fff.png\",\"contentUrl\":\"https:\/\/anunciosgratuitos.net\/wp-content\/uploads\/2025\/11\/fff.png\",\"width\":438,\"height\":45,\"caption\":\"anunciosgratuitos\"},\"image\":{\"@id\":\"https:\/\/anunciosgratuitos.net\/#\/schema\/logo\/image\/\"}}]}<\/script>\n<!-- \/ Yoast SEO Premium plugin. -->","yoast_head_json":{"title":"Play Fun Truth Machine Family & Kids Board Game - IMC Toys - anunciosgratuitos","robots":{"index":"index","follow":"follow","max-snippet":"max-snippet:-1","max-image-preview":"max-image-preview:large","max-video-preview":"max-video-preview:-1"},"canonical":"https:\/\/anunciosgratuitos.net\/?product=play-fun-truth-machine-family-kids-board-game-imc-toys","og_locale":"en_US","og_type":"article","og_title":"Play Fun Truth Machine Family & Kids Board Game - IMC Toys","og_description":"From the brand Los juguetes de IMC TOYS siguen estrictos controles en su producci\u00f3n para garantizar el disfrute y la seguridad de los ni\u00f1os. Son de f\u00e1cil uso y funcionamiento. Estamos seguros que les proporcionar\u00e1n grandes momentos de entretenimiento. Le agradecemos la adquisici\u00f3n y la confianza depositada en uno de nuestros productos. Descubre los juegos [&hellip;]","og_url":"https:\/\/anunciosgratuitos.net\/?product=play-fun-truth-machine-family-kids-board-game-imc-toys","og_site_name":"anunciosgratuitos","article_modified_time":"2026-04-25T05:20:54+00:00","og_image":[{"url":"https:\/\/images-na.ssl-images-amazon.com\/images\/G\/01\/x-locale\/common\/grey-pixel.gif","type":"","width":"","height":""}],"twitter_card":"summary_large_image","twitter_misc":{"Est. reading time":"2 minutes"},"schema":{"@context":"https:\/\/schema.org","@graph":[{"@type":"WebPage","@id":"https:\/\/anunciosgratuitos.net\/?product=play-fun-truth-machine-family-kids-board-game-imc-toys","url":"https:\/\/anunciosgratuitos.net\/?product=play-fun-truth-machine-family-kids-board-game-imc-toys","name":"Play Fun Truth Machine Family & Kids Board Game - IMC Toys - anunciosgratuitos","isPartOf":{"@id":"https:\/\/anunciosgratuitos.net\/#website"},"primaryImageOfPage":{"@id":"https:\/\/anunciosgratuitos.net\/?product=play-fun-truth-machine-family-kids-board-game-imc-toys#primaryimage"},"image":{"@id":"https:\/\/anunciosgratuitos.net\/?product=play-fun-truth-machine-family-kids-board-game-imc-toys#primaryimage"},"thumbnailUrl":"https:\/\/anunciosgratuitos.net\/wp-content\/uploads\/2026\/04\/81eLZLHkFL._AC_SL1500_.jpg","datePublished":"2026-04-25T05:20:34+00:00","dateModified":"2026-04-25T05:20:54+00:00","breadcrumb":{"@id":"https:\/\/anunciosgratuitos.net\/?product=play-fun-truth-machine-family-kids-board-game-imc-toys#breadcrumb"},"inLanguage":"en-US","potentialAction":[{"@type":"ReadAction","target":["https:\/\/anunciosgratuitos.net\/?product=play-fun-truth-machine-family-kids-board-game-imc-toys"]}]},{"@type":"ImageObject","inLanguage":"en-US","@id":"https:\/\/anunciosgratuitos.net\/?product=play-fun-truth-machine-family-kids-board-game-imc-toys#primaryimage","url":"https:\/\/anunciosgratuitos.net\/wp-content\/uploads\/2026\/04\/81eLZLHkFL._AC_SL1500_.jpg","contentUrl":"https:\/\/anunciosgratuitos.net\/wp-content\/uploads\/2026\/04\/81eLZLHkFL._AC_SL1500_.jpg","width":1493,"height":1500},{"@type":"BreadcrumbList","@id":"https:\/\/anunciosgratuitos.net\/?product=play-fun-truth-machine-family-kids-board-game-imc-toys#breadcrumb","itemListElement":[{"@type":"ListItem","position":1,"name":"Home","item":"https:\/\/anunciosgratuitos.net\/"},{"@type":"ListItem","position":2,"name":"Shop","item":"https:\/\/anunciosgratuitos.net\/?page_id=14"},{"@type":"ListItem","position":3,"name":"Play Fun Truth Machine Family &#038; Kids Board Game &#8211; IMC Toys"}]},{"@type":"WebSite","@id":"https:\/\/anunciosgratuitos.net\/#website","url":"https:\/\/anunciosgratuitos.net\/","name":"anunciosgratuitos","description":"","publisher":{"@id":"https:\/\/anunciosgratuitos.net\/#organization"},"potentialAction":[{"@type":"SearchAction","target":{"@type":"EntryPoint","urlTemplate":"https:\/\/anunciosgratuitos.net\/?s={search_term_string}"},"query-input":{"@type":"PropertyValueSpecification","valueRequired":true,"valueName":"search_term_string"}}],"inLanguage":"en-US"},{"@type":"Organization","@id":"https:\/\/anunciosgratuitos.net\/#organization","name":"anunciosgratuitos","url":"https:\/\/anunciosgratuitos.net\/","logo":{"@type":"ImageObject","inLanguage":"en-US","@id":"https:\/\/anunciosgratuitos.net\/#\/schema\/logo\/image\/","url":"https:\/\/anunciosgratuitos.net\/wp-content\/uploads\/2025\/11\/fff.png","contentUrl":"https:\/\/anunciosgratuitos.net\/wp-content\/uploads\/2025\/11\/fff.png","width":438,"height":45,"caption":"anunciosgratuitos"},"image":{"@id":"https:\/\/anunciosgratuitos.net\/#\/schema\/logo\/image\/"}}]}},"_links":{"self":[{"href":"https:\/\/anunciosgratuitos.net\/index.php?rest_route=\/wp\/v2\/product\/163630","targetHints":{"allow":["GET"]}}],"collection":[{"href":"https:\/\/anunciosgratuitos.net\/index.php?rest_route=\/wp\/v2\/product"}],"about":[{"href":"https:\/\/anunciosgratuitos.net\/index.php?rest_route=\/wp\/v2\/types\/product"}],"replies":[{"embeddable":true,"href":"https:\/\/anunciosgratuitos.net\/index.php?rest_route=%2Fwp%2Fv2%2Fcomments&post=163630"}],"wp:featuredmedia":[{"embeddable":true,"href":"https:\/\/anunciosgratuitos.net\/index.php?rest_route=\/wp\/v2\/media\/163633"}],"wp:attachment":[{"href":"https:\/\/anunciosgratuitos.net\/index.php?rest_route=%2Fwp%2Fv2%2Fmedia&parent=163630"}],"wp:term":[{"taxonomy":"store","embeddable":true,"href":"https:\/\/anunciosgratuitos.net\/index.php?rest_route=%2Fwp%2Fv2%2Fstore&post=163630"},{"taxonomy":"product_brand","embeddable":true,"href":"https:\/\/anunciosgratuitos.net\/index.php?rest_route=%2Fwp%2Fv2%2Fproduct_brand&post=163630"},{"taxonomy":"product_cat","embeddable":true,"href":"https:\/\/anunciosgratuitos.net\/index.php?rest_route=%2Fwp%2Fv2%2Fproduct_cat&post=163630"},{"taxonomy":"product_tag","embeddable":true,"href":"https:\/\/anunciosgratuitos.net\/index.php?rest_route=%2Fwp%2Fv2%2Fproduct_tag&post=163630"}],"curies":[{"name":"wp","href":"https:\/\/api.w.org\/{rel}","templated":true}]}}