{"id":4111,"date":"2025-11-05T19:56:06","date_gmt":"2025-11-05T19:56:06","guid":{"rendered":"https:\/\/anunciosgratuitos.net\/?product=dunlop-pelota-de-tenis-tour-brilliance"},"modified":"2025-11-05T19:56:36","modified_gmt":"2025-11-05T19:56:36","slug":"dunlop-pelota-de-tenis-tour-brilliance","status":"publish","type":"product","link":"https:\/\/anunciosgratuitos.net\/?product=dunlop-pelota-de-tenis-tour-brilliance","title":{"rendered":"DUNLOP Pelota de Tenis Tour Brilliance"},"content":{"rendered":"<p><!-- Ads --><br \/>\n<\/p>\n<p><!-- Product Details Section --><\/p>\n<p>                                             From the brand   <\/p>\n<p>                                             <img decoding=\"async\" alt=\"Jack Draper Dunlop Tennis Racket FX\" src=\"https:\/\/images-na.ssl-images-amazon.com\/images\/G\/01\/x-locale\/common\/grey-pixel.gif\" class=\"a-lazy-loaded\" data-src=\"https:\/\/m.media-amazon.com\/images\/S\/aplus-media-library-service-media\/fa2c0325-cd15-40e3-b45e-7775db196dbf.__CR833,777,4167,1779_PT0_SX1464_V1___.jpg\"><img decoding=\"async\" alt=\"Jack Draper Dunlop Tennis Racket FX\" src=\"https:\/\/m.media-amazon.com\/images\/S\/aplus-media-library-service-media\/fa2c0325-cd15-40e3-b45e-7775db196dbf.__CR833,777,4167,1779_PT0_SX1464_V1___.jpg\">  <\/p>\n<p>                                             <img decoding=\"async\" alt=\"\" src=\"https:\/\/images-na.ssl-images-amazon.com\/images\/G\/01\/x-locale\/common\/grey-pixel.gif\" class=\"a-lazy-loaded\" data-src=\"https:\/\/m.media-amazon.com\/images\/S\/aplus-media-library-service-media\/ca165060-e657-4da3-9768-c9c3e24d0737.__CR0,290,3666,1688_PT0_SX315_V1___.jpg\"><img decoding=\"async\" alt=\"\" src=\"https:\/\/m.media-amazon.com\/images\/S\/aplus-media-library-service-media\/ca165060-e657-4da3-9768-c9c3e24d0737.__CR0,290,3666,1688_PT0_SX315_V1___.jpg\">  <\/p>\n<p> Nos impulsa una gran pasi\u00f3n por el juego: jugarlo, mejorarlo, compartirlo. Y el juego es de todos. No importa d\u00f3nde, con qu\u00e9 nivel o con qu\u00e9 frecuencia juegues. <\/p>\n<p> As\u00ed que le damos a cada jugador acceso a los mismos productos deportivos, dise\u00f1ados con precisi\u00f3n y t\u00e9cnicamente sofisticados. <\/p>\n<p> Durante m\u00e1s de 130 a\u00f1os, este amor por el juego es lo que nos ha impulsado. <\/p>\n<h3> Dunlop Pelotas de Tenis <\/h3>\n<p>                                             <img decoding=\"async\" alt=\"\" src=\"https:\/\/images-na.ssl-images-amazon.com\/images\/G\/01\/x-locale\/common\/grey-pixel.gif\" class=\"a-lazy-loaded\" data-src=\"https:\/\/m.media-amazon.com\/images\/S\/aplus-media-library-service-media\/32161731-0950-4b70-b2e0-27cf2f680889.__CR0,0,400,501_PT0_SX362_V1___.jpeg\"><img decoding=\"async\" alt=\"\" src=\"https:\/\/m.media-amazon.com\/images\/S\/aplus-media-library-service-media\/32161731-0950-4b70-b2e0-27cf2f680889.__CR0,0,400,501_PT0_SX362_V1___.jpeg\">  <\/p>\n<h3> Nuestro Fundador <\/h3>\n<p> En 1888, John Boyd Dunlop invent\u00f3 el neum\u00e1tico para bicicletas de carreras. La tecnolog\u00eda sigue vigente hoy en d\u00eda. <\/p>\n<h3> Dunlop Pelotas de P\u00e1del <\/h3>\n<p>                                             <img decoding=\"async\" alt=\"\" src=\"https:\/\/images-na.ssl-images-amazon.com\/images\/G\/01\/x-locale\/common\/grey-pixel.gif\" class=\"a-lazy-loaded\" data-src=\"https:\/\/m.media-amazon.com\/images\/S\/aplus-media-library-service-media\/f60ab461-c94c-40bb-b8ac-1a457681fea9.__CR0,2,1442,664_PT0_SX315_V1___.jpeg\"><img decoding=\"async\" alt=\"\" src=\"https:\/\/m.media-amazon.com\/images\/S\/aplus-media-library-service-media\/f60ab461-c94c-40bb-b8ac-1a457681fea9.__CR0,2,1442,664_PT0_SX315_V1___.jpeg\">  <\/p>\n<p> La revolucionaria raqueta de tenis de culto Maxply existe desde 1932. Un modelo que marc\u00f3 pautas en todo el mundo y con el que jugaron Rod Laver, Virginia Wade y John McEnroe, entre otros. <\/p>\n<p> En los \u00faltimos a\u00f1os, gracias a nuevas tecnolog\u00edas como Infinergy de BASF, nos hemos centrado en la mejor tecnolog\u00eda, en la que conf\u00eda Jack Draper, entre otros. <\/p>\n<h3> Dunlop Tenis  <\/h3>\n<h3> Dunlop P\u00e1del <\/h3>\n<p>                                             <img decoding=\"async\" alt=\"\" src=\"https:\/\/images-na.ssl-images-amazon.com\/images\/G\/01\/x-locale\/common\/grey-pixel.gif\" class=\"a-lazy-loaded\" data-src=\"https:\/\/m.media-amazon.com\/images\/S\/aplus-media-library-service-media\/42212bcc-9558-4628-a4d6-3d0c175ac662.__CR0,17,1656,762_PT0_SX315_V1___.png\"><img decoding=\"async\" alt=\"\" src=\"https:\/\/m.media-amazon.com\/images\/S\/aplus-media-library-service-media\/42212bcc-9558-4628-a4d6-3d0c175ac662.__CR0,17,1656,762_PT0_SX315_V1___.png\">  <\/p>\n<p> A lo largo de los a\u00f1os, hemos ampliado nuestra gama de productos y estamos orgullosos de ofrecer productos de primera clase en casi todos los deportes de raqueta. <\/p>\n<p> Ya sea tenis, p\u00e1del, squash, b\u00e1dminton o tenis de mesa, Dunlop te apoya con los productos de primera clase que necesitas para competir al m\u00e1s alto nivel. <\/p>\n<h3> Dunlop Pelotas de Squash <\/h3>\n<h3> Dunlop Tenis de Mesa <\/h3>\n<h3> Carlton B\u00e1dminton  <\/h3>\n<p>                                             <img decoding=\"async\" alt=\"\" src=\"https:\/\/images-na.ssl-images-amazon.com\/images\/G\/01\/x-locale\/common\/grey-pixel.gif\" class=\"a-lazy-loaded\" data-src=\"https:\/\/m.media-amazon.com\/images\/S\/aplus-media-library-service-media\/e8c7562d-d2a6-4a1c-b406-39c899168a61.__CR0,0,362,453_PT0_SX362_V1___.jpg\"><img decoding=\"async\" alt=\"\" src=\"https:\/\/m.media-amazon.com\/images\/S\/aplus-media-library-service-media\/e8c7562d-d2a6-4a1c-b406-39c899168a61.__CR0,0,362,453_PT0_SX362_V1___.jpg\">  <\/p>\n<p> LOVE THE GAME. <\/p>\n<p> Package Dimensions                                            \u200f                                            :                                            \u200e                                            21.3 x 8 x 7.4 cm; 220 g   <br \/> Date First Available                                            \u200f                                            :                                            \u200e                                            6 Jan. 2025   <br \/> Manufacturer                                            \u200f                                            :                                            \u200e                                            Dunlop   <br \/> ASIN                                            \u200f                                            :                                            \u200e                                            B0DSC6W8TX   <br \/> Item model number                                            \u200f                                            :                                            \u200e                                            601620   <br \/> Country of origin                                            \u200f                                            :                                            \u200e                                            Thailand   <br \/>       Best Sellers Rank:  78 in Sports &#038; Outdoors (See Top 100 in Sports &#038; Outdoors)    1 in Tennis Balls      <br \/>  Customer reviews:                                                                                     4.5             4.5 out of 5 stars                                    244 ratings                                             var dpAcrHasRegisteredArcLinkClickAction;                    P.when(&#8216;A&#8217;, &#8216;ready&#8217;).execute(function(A) {                        if (dpAcrHasRegisteredArcLinkClickAction !== true) {                            dpAcrHasRegisteredArcLinkClickAction = true;                            A.declarative(                                &#8216;acrLink-click-metrics&#8217;, &#8216;click&#8217;,                                { &#8220;allowLinkDefault&#8221;: true },                                function (event) {                                    if (window.ue) {                                        ue.count(&#8220;acrLinkClickCount&#8221;, (ue.count(&#8220;acrLinkClickCount&#8221;) || 0) + 1);                                    }                                }                            );                        }                    });                                             P.when(&#8216;A&#8217;, &#8216;cf&#8217;).execute(function(A) {                A.declarative(&#8216;acrStarsLink-click-metrics&#8217;, &#8216;click&#8217;, { &#8220;allowLinkDefault&#8221; : true },  function(event){                    if(window.ue) {                        ue.count(&#8220;acrStarsLinkWithPopoverClickCount&#8221;, (ue.count(&#8220;acrStarsLinkWithPopoverClickCount&#8221;) || 0) + 1);                    }                });            });                          <br \/>OPTIMIZATION: The Dunlop Tour Brilliance is synonymous with top-notch tennis and delivers class tennis fun to discerning tournament players, club players and ambitious recreational players<br \/>VERSATILE &#8211; This high-quality tennis ball offers precise flight and bounce whether on clay courts, hard courts, lawns or indoors, and makes tennis so much fun<br \/>VISIBILITY: High quality Hi-vid fabric in yellow offers optimal visibility during fast rallies; thanks to the 10% lighter felt material, the ball remains clearly visible until the end of the game<br \/>LONGER LIFESPAN: Pressure-filled core with HD Core technology is a high-quality evolution of the classic Dunlop Fort Core: even greater durability and consistent gaming features<br \/>NEW SUSTAINABLE PACKAGING: Recycled paper label, paper and recycled plastic lid as eco-friendly packaging<\/p>\n<p><!-- Product Review Section Removed --><br \/>\n<!-- Price & Buy Now Section Removed --><\/p>\n\n","protected":false},"excerpt":{"rendered":"<p>From the brand Nos impulsa una gran pasi\u00f3n por el juego: jugarlo, mejorarlo, compartirlo. Y el juego es de todos. No importa d\u00f3nde, con qu\u00e9 nivel o con qu\u00e9 frecuencia juegues. As\u00ed que le damos a cada jugador acceso a los mismos productos deportivos, dise\u00f1ados con precisi\u00f3n y t\u00e9cnicamente sofisticados. Durante m\u00e1s de 130 a\u00f1os, [&hellip;]<\/p>\n","protected":false},"featured_media":4112,"comment_status":"open","ping_status":"closed","template":"","meta":{"_gspb_post_css":""},"store":[],"product_brand":[],"product_cat":[163],"product_tag":[],"class_list":{"0":"post-4111","1":"product","2":"type-product","3":"status-publish","4":"has-post-thumbnail","6":"product_cat-outdoor-sports","8":"first","9":"instock","10":"sale","11":"shipping-taxable","12":"product-type-external"},"yoast_head":"<!-- This site is optimized with the Yoast SEO Premium plugin v26.2 (Yoast SEO v26.3) - https:\/\/yoast.com\/wordpress\/plugins\/seo\/ -->\n<title>DUNLOP Pelota de Tenis Tour Brilliance - anunciosgratuitos<\/title>\n<meta name=\"robots\" content=\"index, follow, max-snippet:-1, max-image-preview:large, max-video-preview:-1\" \/>\n<link rel=\"canonical\" href=\"https:\/\/anunciosgratuitos.net\/?product=dunlop-pelota-de-tenis-tour-brilliance\" \/>\n<meta property=\"og:locale\" content=\"en_US\" \/>\n<meta property=\"og:type\" content=\"article\" \/>\n<meta property=\"og:title\" content=\"DUNLOP Pelota de Tenis Tour Brilliance\" \/>\n<meta property=\"og:description\" content=\"From the brand Nos impulsa una gran pasi\u00f3n por el juego: jugarlo, mejorarlo, compartirlo. Y el juego es de todos. No importa d\u00f3nde, con qu\u00e9 nivel o con qu\u00e9 frecuencia juegues. As\u00ed que le damos a cada jugador acceso a los mismos productos deportivos, dise\u00f1ados con precisi\u00f3n y t\u00e9cnicamente sofisticados. Durante m\u00e1s de 130 a\u00f1os, [&hellip;]\" \/>\n<meta property=\"og:url\" content=\"https:\/\/anunciosgratuitos.net\/?product=dunlop-pelota-de-tenis-tour-brilliance\" \/>\n<meta property=\"og:site_name\" content=\"anunciosgratuitos\" \/>\n<meta property=\"article:modified_time\" content=\"2025-11-05T19:56:36+00:00\" \/>\n<meta property=\"og:image\" content=\"https:\/\/images-na.ssl-images-amazon.com\/images\/G\/01\/x-locale\/common\/grey-pixel.gif\" \/>\n<meta name=\"twitter:card\" content=\"summary_large_image\" \/>\n<meta name=\"twitter:label1\" content=\"Est. reading time\" \/>\n\t<meta name=\"twitter:data1\" content=\"2 minutes\" \/>\n<script type=\"application\/ld+json\" class=\"yoast-schema-graph\">{\"@context\":\"https:\/\/schema.org\",\"@graph\":[{\"@type\":\"WebPage\",\"@id\":\"https:\/\/anunciosgratuitos.net\/?product=dunlop-pelota-de-tenis-tour-brilliance\",\"url\":\"https:\/\/anunciosgratuitos.net\/?product=dunlop-pelota-de-tenis-tour-brilliance\",\"name\":\"DUNLOP Pelota de Tenis Tour Brilliance - anunciosgratuitos\",\"isPartOf\":{\"@id\":\"https:\/\/anunciosgratuitos.net\/#website\"},\"primaryImageOfPage\":{\"@id\":\"https:\/\/anunciosgratuitos.net\/?product=dunlop-pelota-de-tenis-tour-brilliance#primaryimage\"},\"image\":{\"@id\":\"https:\/\/anunciosgratuitos.net\/?product=dunlop-pelota-de-tenis-tour-brilliance#primaryimage\"},\"thumbnailUrl\":\"https:\/\/anunciosgratuitos.net\/wp-content\/uploads\/2025\/11\/61egfzvAzjL._AC_SL1500_.jpg\",\"datePublished\":\"2025-11-05T19:56:06+00:00\",\"dateModified\":\"2025-11-05T19:56:36+00:00\",\"breadcrumb\":{\"@id\":\"https:\/\/anunciosgratuitos.net\/?product=dunlop-pelota-de-tenis-tour-brilliance#breadcrumb\"},\"inLanguage\":\"en-US\",\"potentialAction\":[{\"@type\":\"ReadAction\",\"target\":[\"https:\/\/anunciosgratuitos.net\/?product=dunlop-pelota-de-tenis-tour-brilliance\"]}]},{\"@type\":\"ImageObject\",\"inLanguage\":\"en-US\",\"@id\":\"https:\/\/anunciosgratuitos.net\/?product=dunlop-pelota-de-tenis-tour-brilliance#primaryimage\",\"url\":\"https:\/\/anunciosgratuitos.net\/wp-content\/uploads\/2025\/11\/61egfzvAzjL._AC_SL1500_.jpg\",\"contentUrl\":\"https:\/\/anunciosgratuitos.net\/wp-content\/uploads\/2025\/11\/61egfzvAzjL._AC_SL1500_.jpg\",\"width\":1500,\"height\":1315},{\"@type\":\"BreadcrumbList\",\"@id\":\"https:\/\/anunciosgratuitos.net\/?product=dunlop-pelota-de-tenis-tour-brilliance#breadcrumb\",\"itemListElement\":[{\"@type\":\"ListItem\",\"position\":1,\"name\":\"Home\",\"item\":\"https:\/\/anunciosgratuitos.net\/\"},{\"@type\":\"ListItem\",\"position\":2,\"name\":\"Shop\",\"item\":\"https:\/\/anunciosgratuitos.net\/?page_id=14\"},{\"@type\":\"ListItem\",\"position\":3,\"name\":\"DUNLOP Pelota de Tenis Tour Brilliance\"}]},{\"@type\":\"WebSite\",\"@id\":\"https:\/\/anunciosgratuitos.net\/#website\",\"url\":\"https:\/\/anunciosgratuitos.net\/\",\"name\":\"anunciosgratuitos\",\"description\":\"\",\"publisher\":{\"@id\":\"https:\/\/anunciosgratuitos.net\/#organization\"},\"potentialAction\":[{\"@type\":\"SearchAction\",\"target\":{\"@type\":\"EntryPoint\",\"urlTemplate\":\"https:\/\/anunciosgratuitos.net\/?s={search_term_string}\"},\"query-input\":{\"@type\":\"PropertyValueSpecification\",\"valueRequired\":true,\"valueName\":\"search_term_string\"}}],\"inLanguage\":\"en-US\"},{\"@type\":\"Organization\",\"@id\":\"https:\/\/anunciosgratuitos.net\/#organization\",\"name\":\"anunciosgratuitos\",\"url\":\"https:\/\/anunciosgratuitos.net\/\",\"logo\":{\"@type\":\"ImageObject\",\"inLanguage\":\"en-US\",\"@id\":\"https:\/\/anunciosgratuitos.net\/#\/schema\/logo\/image\/\",\"url\":\"https:\/\/anunciosgratuitos.net\/wp-content\/uploads\/2025\/11\/fff.png\",\"contentUrl\":\"https:\/\/anunciosgratuitos.net\/wp-content\/uploads\/2025\/11\/fff.png\",\"width\":438,\"height\":45,\"caption\":\"anunciosgratuitos\"},\"image\":{\"@id\":\"https:\/\/anunciosgratuitos.net\/#\/schema\/logo\/image\/\"}}]}<\/script>\n<!-- \/ Yoast SEO Premium plugin. -->","yoast_head_json":{"title":"DUNLOP Pelota de Tenis Tour Brilliance - anunciosgratuitos","robots":{"index":"index","follow":"follow","max-snippet":"max-snippet:-1","max-image-preview":"max-image-preview:large","max-video-preview":"max-video-preview:-1"},"canonical":"https:\/\/anunciosgratuitos.net\/?product=dunlop-pelota-de-tenis-tour-brilliance","og_locale":"en_US","og_type":"article","og_title":"DUNLOP Pelota de Tenis Tour Brilliance","og_description":"From the brand Nos impulsa una gran pasi\u00f3n por el juego: jugarlo, mejorarlo, compartirlo. Y el juego es de todos. No importa d\u00f3nde, con qu\u00e9 nivel o con qu\u00e9 frecuencia juegues. As\u00ed que le damos a cada jugador acceso a los mismos productos deportivos, dise\u00f1ados con precisi\u00f3n y t\u00e9cnicamente sofisticados. Durante m\u00e1s de 130 a\u00f1os, [&hellip;]","og_url":"https:\/\/anunciosgratuitos.net\/?product=dunlop-pelota-de-tenis-tour-brilliance","og_site_name":"anunciosgratuitos","article_modified_time":"2025-11-05T19:56:36+00:00","og_image":[{"url":"https:\/\/images-na.ssl-images-amazon.com\/images\/G\/01\/x-locale\/common\/grey-pixel.gif","type":"","width":"","height":""}],"twitter_card":"summary_large_image","twitter_misc":{"Est. reading time":"2 minutes"},"schema":{"@context":"https:\/\/schema.org","@graph":[{"@type":"WebPage","@id":"https:\/\/anunciosgratuitos.net\/?product=dunlop-pelota-de-tenis-tour-brilliance","url":"https:\/\/anunciosgratuitos.net\/?product=dunlop-pelota-de-tenis-tour-brilliance","name":"DUNLOP Pelota de Tenis Tour Brilliance - anunciosgratuitos","isPartOf":{"@id":"https:\/\/anunciosgratuitos.net\/#website"},"primaryImageOfPage":{"@id":"https:\/\/anunciosgratuitos.net\/?product=dunlop-pelota-de-tenis-tour-brilliance#primaryimage"},"image":{"@id":"https:\/\/anunciosgratuitos.net\/?product=dunlop-pelota-de-tenis-tour-brilliance#primaryimage"},"thumbnailUrl":"https:\/\/anunciosgratuitos.net\/wp-content\/uploads\/2025\/11\/61egfzvAzjL._AC_SL1500_.jpg","datePublished":"2025-11-05T19:56:06+00:00","dateModified":"2025-11-05T19:56:36+00:00","breadcrumb":{"@id":"https:\/\/anunciosgratuitos.net\/?product=dunlop-pelota-de-tenis-tour-brilliance#breadcrumb"},"inLanguage":"en-US","potentialAction":[{"@type":"ReadAction","target":["https:\/\/anunciosgratuitos.net\/?product=dunlop-pelota-de-tenis-tour-brilliance"]}]},{"@type":"ImageObject","inLanguage":"en-US","@id":"https:\/\/anunciosgratuitos.net\/?product=dunlop-pelota-de-tenis-tour-brilliance#primaryimage","url":"https:\/\/anunciosgratuitos.net\/wp-content\/uploads\/2025\/11\/61egfzvAzjL._AC_SL1500_.jpg","contentUrl":"https:\/\/anunciosgratuitos.net\/wp-content\/uploads\/2025\/11\/61egfzvAzjL._AC_SL1500_.jpg","width":1500,"height":1315},{"@type":"BreadcrumbList","@id":"https:\/\/anunciosgratuitos.net\/?product=dunlop-pelota-de-tenis-tour-brilliance#breadcrumb","itemListElement":[{"@type":"ListItem","position":1,"name":"Home","item":"https:\/\/anunciosgratuitos.net\/"},{"@type":"ListItem","position":2,"name":"Shop","item":"https:\/\/anunciosgratuitos.net\/?page_id=14"},{"@type":"ListItem","position":3,"name":"DUNLOP Pelota de Tenis Tour Brilliance"}]},{"@type":"WebSite","@id":"https:\/\/anunciosgratuitos.net\/#website","url":"https:\/\/anunciosgratuitos.net\/","name":"anunciosgratuitos","description":"","publisher":{"@id":"https:\/\/anunciosgratuitos.net\/#organization"},"potentialAction":[{"@type":"SearchAction","target":{"@type":"EntryPoint","urlTemplate":"https:\/\/anunciosgratuitos.net\/?s={search_term_string}"},"query-input":{"@type":"PropertyValueSpecification","valueRequired":true,"valueName":"search_term_string"}}],"inLanguage":"en-US"},{"@type":"Organization","@id":"https:\/\/anunciosgratuitos.net\/#organization","name":"anunciosgratuitos","url":"https:\/\/anunciosgratuitos.net\/","logo":{"@type":"ImageObject","inLanguage":"en-US","@id":"https:\/\/anunciosgratuitos.net\/#\/schema\/logo\/image\/","url":"https:\/\/anunciosgratuitos.net\/wp-content\/uploads\/2025\/11\/fff.png","contentUrl":"https:\/\/anunciosgratuitos.net\/wp-content\/uploads\/2025\/11\/fff.png","width":438,"height":45,"caption":"anunciosgratuitos"},"image":{"@id":"https:\/\/anunciosgratuitos.net\/#\/schema\/logo\/image\/"}}]}},"_links":{"self":[{"href":"https:\/\/anunciosgratuitos.net\/index.php?rest_route=\/wp\/v2\/product\/4111","targetHints":{"allow":["GET"]}}],"collection":[{"href":"https:\/\/anunciosgratuitos.net\/index.php?rest_route=\/wp\/v2\/product"}],"about":[{"href":"https:\/\/anunciosgratuitos.net\/index.php?rest_route=\/wp\/v2\/types\/product"}],"replies":[{"embeddable":true,"href":"https:\/\/anunciosgratuitos.net\/index.php?rest_route=%2Fwp%2Fv2%2Fcomments&post=4111"}],"wp:featuredmedia":[{"embeddable":true,"href":"https:\/\/anunciosgratuitos.net\/index.php?rest_route=\/wp\/v2\/media\/4112"}],"wp:attachment":[{"href":"https:\/\/anunciosgratuitos.net\/index.php?rest_route=%2Fwp%2Fv2%2Fmedia&parent=4111"}],"wp:term":[{"taxonomy":"store","embeddable":true,"href":"https:\/\/anunciosgratuitos.net\/index.php?rest_route=%2Fwp%2Fv2%2Fstore&post=4111"},{"taxonomy":"product_brand","embeddable":true,"href":"https:\/\/anunciosgratuitos.net\/index.php?rest_route=%2Fwp%2Fv2%2Fproduct_brand&post=4111"},{"taxonomy":"product_cat","embeddable":true,"href":"https:\/\/anunciosgratuitos.net\/index.php?rest_route=%2Fwp%2Fv2%2Fproduct_cat&post=4111"},{"taxonomy":"product_tag","embeddable":true,"href":"https:\/\/anunciosgratuitos.net\/index.php?rest_route=%2Fwp%2Fv2%2Fproduct_tag&post=4111"}],"curies":[{"name":"wp","href":"https:\/\/api.w.org\/{rel}","templated":true}]}}