{"id":49567,"date":"2026-01-26T23:11:17","date_gmt":"2026-01-26T23:11:17","guid":{"rendered":"https:\/\/anunciosgratuitos.net\/?product=baston-de-senderismo-con-multiples-accesorios"},"modified":"2026-01-26T23:11:21","modified_gmt":"2026-01-26T23:11:21","slug":"baston-de-senderismo-con-multiples-accesorios","status":"publish","type":"product","link":"https:\/\/anunciosgratuitos.net\/?product=baston-de-senderismo-con-multiples-accesorios","title":{"rendered":"Bast\u00f3n de senderismo con m\u00faltiples accesorios"},"content":{"rendered":"<p><!-- Ads --><br \/>\n<\/p>\n<p><!-- Product Details Section --><br \/>\n    <span>El paquete incluye: <br \/>Paquete de 2 bastones de senderismo. <br \/>4 pares de accesorios de punta. <br \/>2 bolsas de almacenamiento. <br \/>Manual de instrucciones <br \/><\/span>    <br \/> Package Dimensions                                            \u200f                                            :                                            \u200e                                            38 x 15 x 5 cm; 800 g   <br \/> Date First Available                                            \u200f                                            :                                            \u200e                                            1 Feb. 2025   <br \/> Manufacturer                                            \u200f                                            :                                            \u200e                                            Kemraes   <br \/> ASIN                                            \u200f                                            :                                            \u200e                                            B0DP74WMHS   <br \/> Department                                            \u200f                                            :                                            \u200e                                            Unisex adulto   <br \/>Dise\u00f1o plegable compacto: el innovador cierre abatible permite que el bast\u00f3n ajuste r\u00e1pida y f\u00e1cilmente la longitud de los bastones para caminar, extendiendo los bastones de senderismo de 110 cm a 130 cm, lo que puede satisfacer las necesidades de personas de diferentes alturas. F\u00e1cilmente plegable a menos de 34 cm, el bast\u00f3n de senderismo se puede poner f\u00e1cilmente en tu mochila de senderismo o equipaje.<br \/>Un regalo creativo para senderismo: estos bastones de senderismo con correas de mu\u00f1eca son imprescindibles para los entusiastas del senderismo, y vienen con 2 bolsas de transporte, 4 pares de accesorios de punta de bast\u00f3n e instrucciones (idioma espa\u00f1ol no garantizado). Los entusiastas de los viajes estar\u00e1n encantados con esto como regalo.<br \/>Materiales de alta calidad: nuestros bastones plegables est\u00e1n hechos de aleaci\u00f3n de aluminio 7075 resistente para soportar la tremenda presi\u00f3n durante el senderismo.<\/p>\n<p><!-- Product Review Section Removed --><br \/>\n<!-- Price & Buy Now Section Removed --><\/p>\n\n","protected":false},"excerpt":{"rendered":"<p>El paquete incluye: Paquete de 2 bastones de senderismo. 4 pares de accesorios de punta. 2 bolsas de almacenamiento. Manual de instrucciones Package Dimensions \u200f : \u200e 38 x 15 x 5 cm; 800 g Date First Available \u200f : \u200e 1 Feb. 2025 Manufacturer \u200f : \u200e Kemraes ASIN \u200f : \u200e B0DP74WMHS Department [&hellip;]<\/p>\n","protected":false},"featured_media":49568,"comment_status":"open","ping_status":"closed","template":"","meta":{"_gspb_post_css":""},"store":[],"product_brand":[],"product_cat":[307,306,290,356,163],"product_tag":[],"class_list":{"0":"post-49567","1":"product","2":"type-product","3":"status-publish","4":"has-post-thumbnail","6":"product_cat-camping-hiking","7":"product_cat-outdoor-recreation","8":"product_cat-sports-outdoors","9":"product_cat-trekking-poles","10":"product_cat-outdoor-sports","12":"first","13":"instock","14":"shipping-taxable","15":"product-type-external"},"yoast_head":"<!-- This site is optimized with the Yoast SEO Premium plugin v26.2 (Yoast SEO v26.3) - https:\/\/yoast.com\/wordpress\/plugins\/seo\/ -->\n<title>Bast\u00f3n de senderismo con m\u00faltiples accesorios - anunciosgratuitos<\/title>\n<meta name=\"robots\" content=\"index, follow, max-snippet:-1, max-image-preview:large, max-video-preview:-1\" \/>\n<link rel=\"canonical\" href=\"https:\/\/anunciosgratuitos.net\/?product=baston-de-senderismo-con-multiples-accesorios\" \/>\n<meta property=\"og:locale\" content=\"en_US\" \/>\n<meta property=\"og:type\" content=\"article\" \/>\n<meta property=\"og:title\" content=\"Bast\u00f3n de senderismo con m\u00faltiples accesorios\" \/>\n<meta property=\"og:description\" content=\"El paquete incluye: Paquete de 2 bastones de senderismo. 4 pares de accesorios de punta. 2 bolsas de almacenamiento. Manual de instrucciones Package Dimensions \u200f : \u200e 38 x 15 x 5 cm; 800 g Date First Available \u200f : \u200e 1 Feb. 2025 Manufacturer \u200f : \u200e Kemraes ASIN \u200f : \u200e B0DP74WMHS Department [&hellip;]\" \/>\n<meta property=\"og:url\" content=\"https:\/\/anunciosgratuitos.net\/?product=baston-de-senderismo-con-multiples-accesorios\" \/>\n<meta property=\"og:site_name\" content=\"anunciosgratuitos\" \/>\n<meta property=\"article:modified_time\" content=\"2026-01-26T23:11:21+00:00\" \/>\n<meta name=\"twitter:card\" content=\"summary_large_image\" \/>\n<meta name=\"twitter:label1\" content=\"Est. reading time\" \/>\n\t<meta name=\"twitter:data1\" content=\"1 minute\" \/>\n<script type=\"application\/ld+json\" class=\"yoast-schema-graph\">{\"@context\":\"https:\/\/schema.org\",\"@graph\":[{\"@type\":\"WebPage\",\"@id\":\"https:\/\/anunciosgratuitos.net\/?product=baston-de-senderismo-con-multiples-accesorios\",\"url\":\"https:\/\/anunciosgratuitos.net\/?product=baston-de-senderismo-con-multiples-accesorios\",\"name\":\"Bast\u00f3n de senderismo con m\u00faltiples accesorios - anunciosgratuitos\",\"isPartOf\":{\"@id\":\"https:\/\/anunciosgratuitos.net\/#website\"},\"primaryImageOfPage\":{\"@id\":\"https:\/\/anunciosgratuitos.net\/?product=baston-de-senderismo-con-multiples-accesorios#primaryimage\"},\"image\":{\"@id\":\"https:\/\/anunciosgratuitos.net\/?product=baston-de-senderismo-con-multiples-accesorios#primaryimage\"},\"thumbnailUrl\":\"https:\/\/anunciosgratuitos.net\/wp-content\/uploads\/2026\/01\/71gxpuanlmL._AC_SL1500_.jpg\",\"datePublished\":\"2026-01-26T23:11:17+00:00\",\"dateModified\":\"2026-01-26T23:11:21+00:00\",\"breadcrumb\":{\"@id\":\"https:\/\/anunciosgratuitos.net\/?product=baston-de-senderismo-con-multiples-accesorios#breadcrumb\"},\"inLanguage\":\"en-US\",\"potentialAction\":[{\"@type\":\"ReadAction\",\"target\":[\"https:\/\/anunciosgratuitos.net\/?product=baston-de-senderismo-con-multiples-accesorios\"]}]},{\"@type\":\"ImageObject\",\"inLanguage\":\"en-US\",\"@id\":\"https:\/\/anunciosgratuitos.net\/?product=baston-de-senderismo-con-multiples-accesorios#primaryimage\",\"url\":\"https:\/\/anunciosgratuitos.net\/wp-content\/uploads\/2026\/01\/71gxpuanlmL._AC_SL1500_.jpg\",\"contentUrl\":\"https:\/\/anunciosgratuitos.net\/wp-content\/uploads\/2026\/01\/71gxpuanlmL._AC_SL1500_.jpg\",\"width\":1185,\"height\":1396},{\"@type\":\"BreadcrumbList\",\"@id\":\"https:\/\/anunciosgratuitos.net\/?product=baston-de-senderismo-con-multiples-accesorios#breadcrumb\",\"itemListElement\":[{\"@type\":\"ListItem\",\"position\":1,\"name\":\"Home\",\"item\":\"https:\/\/anunciosgratuitos.net\/\"},{\"@type\":\"ListItem\",\"position\":2,\"name\":\"Shop\",\"item\":\"https:\/\/anunciosgratuitos.net\/?page_id=14\"},{\"@type\":\"ListItem\",\"position\":3,\"name\":\"Bast\u00f3n de senderismo con m\u00faltiples accesorios\"}]},{\"@type\":\"WebSite\",\"@id\":\"https:\/\/anunciosgratuitos.net\/#website\",\"url\":\"https:\/\/anunciosgratuitos.net\/\",\"name\":\"anunciosgratuitos\",\"description\":\"\",\"publisher\":{\"@id\":\"https:\/\/anunciosgratuitos.net\/#organization\"},\"potentialAction\":[{\"@type\":\"SearchAction\",\"target\":{\"@type\":\"EntryPoint\",\"urlTemplate\":\"https:\/\/anunciosgratuitos.net\/?s={search_term_string}\"},\"query-input\":{\"@type\":\"PropertyValueSpecification\",\"valueRequired\":true,\"valueName\":\"search_term_string\"}}],\"inLanguage\":\"en-US\"},{\"@type\":\"Organization\",\"@id\":\"https:\/\/anunciosgratuitos.net\/#organization\",\"name\":\"anunciosgratuitos\",\"url\":\"https:\/\/anunciosgratuitos.net\/\",\"logo\":{\"@type\":\"ImageObject\",\"inLanguage\":\"en-US\",\"@id\":\"https:\/\/anunciosgratuitos.net\/#\/schema\/logo\/image\/\",\"url\":\"https:\/\/anunciosgratuitos.net\/wp-content\/uploads\/2025\/11\/fff.png\",\"contentUrl\":\"https:\/\/anunciosgratuitos.net\/wp-content\/uploads\/2025\/11\/fff.png\",\"width\":438,\"height\":45,\"caption\":\"anunciosgratuitos\"},\"image\":{\"@id\":\"https:\/\/anunciosgratuitos.net\/#\/schema\/logo\/image\/\"}}]}<\/script>\n<!-- \/ Yoast SEO Premium plugin. -->","yoast_head_json":{"title":"Bast\u00f3n de senderismo con m\u00faltiples accesorios - anunciosgratuitos","robots":{"index":"index","follow":"follow","max-snippet":"max-snippet:-1","max-image-preview":"max-image-preview:large","max-video-preview":"max-video-preview:-1"},"canonical":"https:\/\/anunciosgratuitos.net\/?product=baston-de-senderismo-con-multiples-accesorios","og_locale":"en_US","og_type":"article","og_title":"Bast\u00f3n de senderismo con m\u00faltiples accesorios","og_description":"El paquete incluye: Paquete de 2 bastones de senderismo. 4 pares de accesorios de punta. 2 bolsas de almacenamiento. Manual de instrucciones Package Dimensions \u200f : \u200e 38 x 15 x 5 cm; 800 g Date First Available \u200f : \u200e 1 Feb. 2025 Manufacturer \u200f : \u200e Kemraes ASIN \u200f : \u200e B0DP74WMHS Department [&hellip;]","og_url":"https:\/\/anunciosgratuitos.net\/?product=baston-de-senderismo-con-multiples-accesorios","og_site_name":"anunciosgratuitos","article_modified_time":"2026-01-26T23:11:21+00:00","twitter_card":"summary_large_image","twitter_misc":{"Est. reading time":"1 minute"},"schema":{"@context":"https:\/\/schema.org","@graph":[{"@type":"WebPage","@id":"https:\/\/anunciosgratuitos.net\/?product=baston-de-senderismo-con-multiples-accesorios","url":"https:\/\/anunciosgratuitos.net\/?product=baston-de-senderismo-con-multiples-accesorios","name":"Bast\u00f3n de senderismo con m\u00faltiples accesorios - anunciosgratuitos","isPartOf":{"@id":"https:\/\/anunciosgratuitos.net\/#website"},"primaryImageOfPage":{"@id":"https:\/\/anunciosgratuitos.net\/?product=baston-de-senderismo-con-multiples-accesorios#primaryimage"},"image":{"@id":"https:\/\/anunciosgratuitos.net\/?product=baston-de-senderismo-con-multiples-accesorios#primaryimage"},"thumbnailUrl":"https:\/\/anunciosgratuitos.net\/wp-content\/uploads\/2026\/01\/71gxpuanlmL._AC_SL1500_.jpg","datePublished":"2026-01-26T23:11:17+00:00","dateModified":"2026-01-26T23:11:21+00:00","breadcrumb":{"@id":"https:\/\/anunciosgratuitos.net\/?product=baston-de-senderismo-con-multiples-accesorios#breadcrumb"},"inLanguage":"en-US","potentialAction":[{"@type":"ReadAction","target":["https:\/\/anunciosgratuitos.net\/?product=baston-de-senderismo-con-multiples-accesorios"]}]},{"@type":"ImageObject","inLanguage":"en-US","@id":"https:\/\/anunciosgratuitos.net\/?product=baston-de-senderismo-con-multiples-accesorios#primaryimage","url":"https:\/\/anunciosgratuitos.net\/wp-content\/uploads\/2026\/01\/71gxpuanlmL._AC_SL1500_.jpg","contentUrl":"https:\/\/anunciosgratuitos.net\/wp-content\/uploads\/2026\/01\/71gxpuanlmL._AC_SL1500_.jpg","width":1185,"height":1396},{"@type":"BreadcrumbList","@id":"https:\/\/anunciosgratuitos.net\/?product=baston-de-senderismo-con-multiples-accesorios#breadcrumb","itemListElement":[{"@type":"ListItem","position":1,"name":"Home","item":"https:\/\/anunciosgratuitos.net\/"},{"@type":"ListItem","position":2,"name":"Shop","item":"https:\/\/anunciosgratuitos.net\/?page_id=14"},{"@type":"ListItem","position":3,"name":"Bast\u00f3n de senderismo con m\u00faltiples accesorios"}]},{"@type":"WebSite","@id":"https:\/\/anunciosgratuitos.net\/#website","url":"https:\/\/anunciosgratuitos.net\/","name":"anunciosgratuitos","description":"","publisher":{"@id":"https:\/\/anunciosgratuitos.net\/#organization"},"potentialAction":[{"@type":"SearchAction","target":{"@type":"EntryPoint","urlTemplate":"https:\/\/anunciosgratuitos.net\/?s={search_term_string}"},"query-input":{"@type":"PropertyValueSpecification","valueRequired":true,"valueName":"search_term_string"}}],"inLanguage":"en-US"},{"@type":"Organization","@id":"https:\/\/anunciosgratuitos.net\/#organization","name":"anunciosgratuitos","url":"https:\/\/anunciosgratuitos.net\/","logo":{"@type":"ImageObject","inLanguage":"en-US","@id":"https:\/\/anunciosgratuitos.net\/#\/schema\/logo\/image\/","url":"https:\/\/anunciosgratuitos.net\/wp-content\/uploads\/2025\/11\/fff.png","contentUrl":"https:\/\/anunciosgratuitos.net\/wp-content\/uploads\/2025\/11\/fff.png","width":438,"height":45,"caption":"anunciosgratuitos"},"image":{"@id":"https:\/\/anunciosgratuitos.net\/#\/schema\/logo\/image\/"}}]}},"_links":{"self":[{"href":"https:\/\/anunciosgratuitos.net\/index.php?rest_route=\/wp\/v2\/product\/49567","targetHints":{"allow":["GET"]}}],"collection":[{"href":"https:\/\/anunciosgratuitos.net\/index.php?rest_route=\/wp\/v2\/product"}],"about":[{"href":"https:\/\/anunciosgratuitos.net\/index.php?rest_route=\/wp\/v2\/types\/product"}],"replies":[{"embeddable":true,"href":"https:\/\/anunciosgratuitos.net\/index.php?rest_route=%2Fwp%2Fv2%2Fcomments&post=49567"}],"wp:featuredmedia":[{"embeddable":true,"href":"https:\/\/anunciosgratuitos.net\/index.php?rest_route=\/wp\/v2\/media\/49568"}],"wp:attachment":[{"href":"https:\/\/anunciosgratuitos.net\/index.php?rest_route=%2Fwp%2Fv2%2Fmedia&parent=49567"}],"wp:term":[{"taxonomy":"store","embeddable":true,"href":"https:\/\/anunciosgratuitos.net\/index.php?rest_route=%2Fwp%2Fv2%2Fstore&post=49567"},{"taxonomy":"product_brand","embeddable":true,"href":"https:\/\/anunciosgratuitos.net\/index.php?rest_route=%2Fwp%2Fv2%2Fproduct_brand&post=49567"},{"taxonomy":"product_cat","embeddable":true,"href":"https:\/\/anunciosgratuitos.net\/index.php?rest_route=%2Fwp%2Fv2%2Fproduct_cat&post=49567"},{"taxonomy":"product_tag","embeddable":true,"href":"https:\/\/anunciosgratuitos.net\/index.php?rest_route=%2Fwp%2Fv2%2Fproduct_tag&post=49567"}],"curies":[{"name":"wp","href":"https:\/\/api.w.org\/{rel}","templated":true}]}}