{"id":80891,"date":"2026-02-22T23:09:38","date_gmt":"2026-02-22T23:09:38","guid":{"rendered":"https:\/\/anunciosgratuitos.net\/?product=susaeta-dinosaurios-libros-de-bano"},"modified":"2026-02-22T23:09:49","modified_gmt":"2026-02-22T23:09:49","slug":"susaeta-dinosaurios-libros-de-bano","status":"publish","type":"product","link":"https:\/\/anunciosgratuitos.net\/?product=susaeta-dinosaurios-libros-de-bano","title":{"rendered":"Susaeta &#8211; Dinosaurios (Libros de ba\u00f1o)"},"content":{"rendered":"<p><!-- Ads --><br \/>\n<\/p>\n<p><!-- Product Details Section --><br \/>\n  \u00a1Hora de ba\u00f1arse! Seguro que te encanta el agua, pero, por si acaso, tienes este libro de ba\u00f1o con el que podr\u00e1s hacer que todo sea m\u00e1s divertido. Coloridas ilustraciones de dinosaurios en un formato ideal para el beb\u00e9.    <br \/>Publisher                                            \u200f                                            :                                            \u200e                                                        SUSAETA       <br \/> Publication date                                            \u200f                                            :                                            \u200e                                                        13 May 2024       <br \/> Edition                                            \u200f                                            :                                            \u200e                                                        1st       <br \/> Language                                            \u200f                                            :                                            \u200e                                            Spanish   <br \/> Print length                                            \u200f                                            :                                            \u200e                                                        10 pages       <br \/> ISBN-10                                            \u200f                                            :                                            \u200e                                                        8411961079       <br \/> ISBN-13                                            \u200f                                            :                                            \u200e                                                        978-8411961073       <br \/> Item weight                                            \u200f                                            :                                            \u200e                                            50 g   <br \/> Dimensions                                            \u200f                                            :                                            \u200e                                                        21 x 2 x 15 cm       <br \/>       Best Sellers Rank:  3,126 in Books (See Top 100 in Books)    12 in Diaries, Letters &#038; Journals (Books)   901 in Children&#8217;s Books      <br \/>  Customer reviews:                                                                                            4.9               4.9 out of 5 stars                                  (12)                                              var dpAcrHasRegisteredArcLinkClickAction;                    P.when(&#8216;A&#8217;, &#8216;ready&#8217;).execute(function(A) {                        if (dpAcrHasRegisteredArcLinkClickAction !== true) {                            dpAcrHasRegisteredArcLinkClickAction = true;                            A.declarative(                                &#8216;acrLink-click-metrics&#8217;, &#8216;click&#8217;,                                { &#8220;allowLinkDefault&#8221;: true },                                function (event) {                                    if (window.ue) {                                        ue.count(&#8220;acrLinkClickCount&#8221;, (ue.count(&#8220;acrLinkClickCount&#8221;) || 0) + 1);                                    }                                }                            );                        }                    });                                             P.when(&#8216;A&#8217;, &#8216;cf&#8217;).execute(function(A) {                A.declarative(&#8216;acrStarsLink-click-metrics&#8217;, &#8216;click&#8217;, { &#8220;allowLinkDefault&#8221; : true },  function(event){                    if(window.ue) {                        ue.count(&#8220;acrStarsLinkWithPopoverClickCount&#8221;, (ue.count(&#8220;acrStarsLinkWithPopoverClickCount&#8221;) || 0) + 1);                    }                });            });                          <\/p>\n<p><!-- Product Review Section Removed --><br \/>\n<!-- Price & Buy Now Section Removed --><\/p>\n\n","protected":false},"excerpt":{"rendered":"<p>\u00a1Hora de ba\u00f1arse! Seguro que te encanta el agua, pero, por si acaso, tienes este libro de ba\u00f1o con el que podr\u00e1s hacer que todo sea m\u00e1s divertido. Coloridas ilustraciones de dinosaurios en un formato ideal para el beb\u00e9. Publisher \u200f : \u200e SUSAETA Publication date \u200f : \u200e 13 May 2024 Edition \u200f : [&hellip;]<\/p>\n","protected":false},"featured_media":80892,"comment_status":"open","ping_status":"closed","template":"","meta":{"_gspb_post_css":""},"store":[],"product_brand":[],"product_cat":[1789,370,1790,167],"product_tag":[],"class_list":{"0":"post-80891","1":"product","2":"type-product","3":"status-publish","4":"has-post-thumbnail","6":"product_cat-biographies-diaries-true-accounts","7":"product_cat-books","8":"product_cat-diaries-letters-journals","9":"product_cat-baby-products","11":"first","12":"instock","13":"sale","14":"shipping-taxable","15":"product-type-external"},"yoast_head":"<!-- This site is optimized with the Yoast SEO Premium plugin v26.2 (Yoast SEO v26.3) - https:\/\/yoast.com\/wordpress\/plugins\/seo\/ -->\n<title>Susaeta - Dinosaurios (Libros de ba\u00f1o) - anunciosgratuitos<\/title>\n<meta name=\"robots\" content=\"index, follow, max-snippet:-1, max-image-preview:large, max-video-preview:-1\" \/>\n<link rel=\"canonical\" href=\"https:\/\/anunciosgratuitos.net\/?product=susaeta-dinosaurios-libros-de-bano\" \/>\n<meta property=\"og:locale\" content=\"en_US\" \/>\n<meta property=\"og:type\" content=\"article\" \/>\n<meta property=\"og:title\" content=\"Susaeta - Dinosaurios (Libros de ba\u00f1o)\" \/>\n<meta property=\"og:description\" content=\"\u00a1Hora de ba\u00f1arse! Seguro que te encanta el agua, pero, por si acaso, tienes este libro de ba\u00f1o con el que podr\u00e1s hacer que todo sea m\u00e1s divertido. Coloridas ilustraciones de dinosaurios en un formato ideal para el beb\u00e9. Publisher \u200f : \u200e SUSAETA Publication date \u200f : \u200e 13 May 2024 Edition \u200f : [&hellip;]\" \/>\n<meta property=\"og:url\" content=\"https:\/\/anunciosgratuitos.net\/?product=susaeta-dinosaurios-libros-de-bano\" \/>\n<meta property=\"og:site_name\" content=\"anunciosgratuitos\" \/>\n<meta property=\"article:modified_time\" content=\"2026-02-22T23:09:49+00:00\" \/>\n<meta name=\"twitter:card\" content=\"summary_large_image\" \/>\n<meta name=\"twitter:label1\" content=\"Est. reading time\" \/>\n\t<meta name=\"twitter:data1\" content=\"1 minute\" \/>\n<script type=\"application\/ld+json\" class=\"yoast-schema-graph\">{\"@context\":\"https:\/\/schema.org\",\"@graph\":[{\"@type\":\"WebPage\",\"@id\":\"https:\/\/anunciosgratuitos.net\/?product=susaeta-dinosaurios-libros-de-bano\",\"url\":\"https:\/\/anunciosgratuitos.net\/?product=susaeta-dinosaurios-libros-de-bano\",\"name\":\"Susaeta - Dinosaurios (Libros de ba\u00f1o) - anunciosgratuitos\",\"isPartOf\":{\"@id\":\"https:\/\/anunciosgratuitos.net\/#website\"},\"primaryImageOfPage\":{\"@id\":\"https:\/\/anunciosgratuitos.net\/?product=susaeta-dinosaurios-libros-de-bano#primaryimage\"},\"image\":{\"@id\":\"https:\/\/anunciosgratuitos.net\/?product=susaeta-dinosaurios-libros-de-bano#primaryimage\"},\"thumbnailUrl\":\"https:\/\/anunciosgratuitos.net\/wp-content\/uploads\/2026\/02\/71kHNpkD3BL._SL1211_.jpg\",\"datePublished\":\"2026-02-22T23:09:38+00:00\",\"dateModified\":\"2026-02-22T23:09:49+00:00\",\"breadcrumb\":{\"@id\":\"https:\/\/anunciosgratuitos.net\/?product=susaeta-dinosaurios-libros-de-bano#breadcrumb\"},\"inLanguage\":\"en-US\",\"potentialAction\":[{\"@type\":\"ReadAction\",\"target\":[\"https:\/\/anunciosgratuitos.net\/?product=susaeta-dinosaurios-libros-de-bano\"]}]},{\"@type\":\"ImageObject\",\"inLanguage\":\"en-US\",\"@id\":\"https:\/\/anunciosgratuitos.net\/?product=susaeta-dinosaurios-libros-de-bano#primaryimage\",\"url\":\"https:\/\/anunciosgratuitos.net\/wp-content\/uploads\/2026\/02\/71kHNpkD3BL._SL1211_.jpg\",\"contentUrl\":\"https:\/\/anunciosgratuitos.net\/wp-content\/uploads\/2026\/02\/71kHNpkD3BL._SL1211_.jpg\",\"width\":1211,\"height\":1181},{\"@type\":\"BreadcrumbList\",\"@id\":\"https:\/\/anunciosgratuitos.net\/?product=susaeta-dinosaurios-libros-de-bano#breadcrumb\",\"itemListElement\":[{\"@type\":\"ListItem\",\"position\":1,\"name\":\"Home\",\"item\":\"https:\/\/anunciosgratuitos.net\/\"},{\"@type\":\"ListItem\",\"position\":2,\"name\":\"Shop\",\"item\":\"https:\/\/anunciosgratuitos.net\/?page_id=14\"},{\"@type\":\"ListItem\",\"position\":3,\"name\":\"Susaeta &#8211; Dinosaurios (Libros de ba\u00f1o)\"}]},{\"@type\":\"WebSite\",\"@id\":\"https:\/\/anunciosgratuitos.net\/#website\",\"url\":\"https:\/\/anunciosgratuitos.net\/\",\"name\":\"anunciosgratuitos\",\"description\":\"\",\"publisher\":{\"@id\":\"https:\/\/anunciosgratuitos.net\/#organization\"},\"potentialAction\":[{\"@type\":\"SearchAction\",\"target\":{\"@type\":\"EntryPoint\",\"urlTemplate\":\"https:\/\/anunciosgratuitos.net\/?s={search_term_string}\"},\"query-input\":{\"@type\":\"PropertyValueSpecification\",\"valueRequired\":true,\"valueName\":\"search_term_string\"}}],\"inLanguage\":\"en-US\"},{\"@type\":\"Organization\",\"@id\":\"https:\/\/anunciosgratuitos.net\/#organization\",\"name\":\"anunciosgratuitos\",\"url\":\"https:\/\/anunciosgratuitos.net\/\",\"logo\":{\"@type\":\"ImageObject\",\"inLanguage\":\"en-US\",\"@id\":\"https:\/\/anunciosgratuitos.net\/#\/schema\/logo\/image\/\",\"url\":\"https:\/\/anunciosgratuitos.net\/wp-content\/uploads\/2025\/11\/fff.png\",\"contentUrl\":\"https:\/\/anunciosgratuitos.net\/wp-content\/uploads\/2025\/11\/fff.png\",\"width\":438,\"height\":45,\"caption\":\"anunciosgratuitos\"},\"image\":{\"@id\":\"https:\/\/anunciosgratuitos.net\/#\/schema\/logo\/image\/\"}}]}<\/script>\n<!-- \/ Yoast SEO Premium plugin. -->","yoast_head_json":{"title":"Susaeta - Dinosaurios (Libros de ba\u00f1o) - anunciosgratuitos","robots":{"index":"index","follow":"follow","max-snippet":"max-snippet:-1","max-image-preview":"max-image-preview:large","max-video-preview":"max-video-preview:-1"},"canonical":"https:\/\/anunciosgratuitos.net\/?product=susaeta-dinosaurios-libros-de-bano","og_locale":"en_US","og_type":"article","og_title":"Susaeta - Dinosaurios (Libros de ba\u00f1o)","og_description":"\u00a1Hora de ba\u00f1arse! Seguro que te encanta el agua, pero, por si acaso, tienes este libro de ba\u00f1o con el que podr\u00e1s hacer que todo sea m\u00e1s divertido. Coloridas ilustraciones de dinosaurios en un formato ideal para el beb\u00e9. Publisher \u200f : \u200e SUSAETA Publication date \u200f : \u200e 13 May 2024 Edition \u200f : [&hellip;]","og_url":"https:\/\/anunciosgratuitos.net\/?product=susaeta-dinosaurios-libros-de-bano","og_site_name":"anunciosgratuitos","article_modified_time":"2026-02-22T23:09:49+00:00","twitter_card":"summary_large_image","twitter_misc":{"Est. reading time":"1 minute"},"schema":{"@context":"https:\/\/schema.org","@graph":[{"@type":"WebPage","@id":"https:\/\/anunciosgratuitos.net\/?product=susaeta-dinosaurios-libros-de-bano","url":"https:\/\/anunciosgratuitos.net\/?product=susaeta-dinosaurios-libros-de-bano","name":"Susaeta - Dinosaurios (Libros de ba\u00f1o) - anunciosgratuitos","isPartOf":{"@id":"https:\/\/anunciosgratuitos.net\/#website"},"primaryImageOfPage":{"@id":"https:\/\/anunciosgratuitos.net\/?product=susaeta-dinosaurios-libros-de-bano#primaryimage"},"image":{"@id":"https:\/\/anunciosgratuitos.net\/?product=susaeta-dinosaurios-libros-de-bano#primaryimage"},"thumbnailUrl":"https:\/\/anunciosgratuitos.net\/wp-content\/uploads\/2026\/02\/71kHNpkD3BL._SL1211_.jpg","datePublished":"2026-02-22T23:09:38+00:00","dateModified":"2026-02-22T23:09:49+00:00","breadcrumb":{"@id":"https:\/\/anunciosgratuitos.net\/?product=susaeta-dinosaurios-libros-de-bano#breadcrumb"},"inLanguage":"en-US","potentialAction":[{"@type":"ReadAction","target":["https:\/\/anunciosgratuitos.net\/?product=susaeta-dinosaurios-libros-de-bano"]}]},{"@type":"ImageObject","inLanguage":"en-US","@id":"https:\/\/anunciosgratuitos.net\/?product=susaeta-dinosaurios-libros-de-bano#primaryimage","url":"https:\/\/anunciosgratuitos.net\/wp-content\/uploads\/2026\/02\/71kHNpkD3BL._SL1211_.jpg","contentUrl":"https:\/\/anunciosgratuitos.net\/wp-content\/uploads\/2026\/02\/71kHNpkD3BL._SL1211_.jpg","width":1211,"height":1181},{"@type":"BreadcrumbList","@id":"https:\/\/anunciosgratuitos.net\/?product=susaeta-dinosaurios-libros-de-bano#breadcrumb","itemListElement":[{"@type":"ListItem","position":1,"name":"Home","item":"https:\/\/anunciosgratuitos.net\/"},{"@type":"ListItem","position":2,"name":"Shop","item":"https:\/\/anunciosgratuitos.net\/?page_id=14"},{"@type":"ListItem","position":3,"name":"Susaeta &#8211; Dinosaurios (Libros de ba\u00f1o)"}]},{"@type":"WebSite","@id":"https:\/\/anunciosgratuitos.net\/#website","url":"https:\/\/anunciosgratuitos.net\/","name":"anunciosgratuitos","description":"","publisher":{"@id":"https:\/\/anunciosgratuitos.net\/#organization"},"potentialAction":[{"@type":"SearchAction","target":{"@type":"EntryPoint","urlTemplate":"https:\/\/anunciosgratuitos.net\/?s={search_term_string}"},"query-input":{"@type":"PropertyValueSpecification","valueRequired":true,"valueName":"search_term_string"}}],"inLanguage":"en-US"},{"@type":"Organization","@id":"https:\/\/anunciosgratuitos.net\/#organization","name":"anunciosgratuitos","url":"https:\/\/anunciosgratuitos.net\/","logo":{"@type":"ImageObject","inLanguage":"en-US","@id":"https:\/\/anunciosgratuitos.net\/#\/schema\/logo\/image\/","url":"https:\/\/anunciosgratuitos.net\/wp-content\/uploads\/2025\/11\/fff.png","contentUrl":"https:\/\/anunciosgratuitos.net\/wp-content\/uploads\/2025\/11\/fff.png","width":438,"height":45,"caption":"anunciosgratuitos"},"image":{"@id":"https:\/\/anunciosgratuitos.net\/#\/schema\/logo\/image\/"}}]}},"_links":{"self":[{"href":"https:\/\/anunciosgratuitos.net\/index.php?rest_route=\/wp\/v2\/product\/80891","targetHints":{"allow":["GET"]}}],"collection":[{"href":"https:\/\/anunciosgratuitos.net\/index.php?rest_route=\/wp\/v2\/product"}],"about":[{"href":"https:\/\/anunciosgratuitos.net\/index.php?rest_route=\/wp\/v2\/types\/product"}],"replies":[{"embeddable":true,"href":"https:\/\/anunciosgratuitos.net\/index.php?rest_route=%2Fwp%2Fv2%2Fcomments&post=80891"}],"wp:featuredmedia":[{"embeddable":true,"href":"https:\/\/anunciosgratuitos.net\/index.php?rest_route=\/wp\/v2\/media\/80892"}],"wp:attachment":[{"href":"https:\/\/anunciosgratuitos.net\/index.php?rest_route=%2Fwp%2Fv2%2Fmedia&parent=80891"}],"wp:term":[{"taxonomy":"store","embeddable":true,"href":"https:\/\/anunciosgratuitos.net\/index.php?rest_route=%2Fwp%2Fv2%2Fstore&post=80891"},{"taxonomy":"product_brand","embeddable":true,"href":"https:\/\/anunciosgratuitos.net\/index.php?rest_route=%2Fwp%2Fv2%2Fproduct_brand&post=80891"},{"taxonomy":"product_cat","embeddable":true,"href":"https:\/\/anunciosgratuitos.net\/index.php?rest_route=%2Fwp%2Fv2%2Fproduct_cat&post=80891"},{"taxonomy":"product_tag","embeddable":true,"href":"https:\/\/anunciosgratuitos.net\/index.php?rest_route=%2Fwp%2Fv2%2Fproduct_tag&post=80891"}],"curies":[{"name":"wp","href":"https:\/\/api.w.org\/{rel}","templated":true}]}}